{"id":329,"date":"2020-09-07T10:51:38","date_gmt":"2020-09-07T10:51:38","guid":{"rendered":"http:\/\/industrie.peacefulqode.com\/?page_id=329"},"modified":"2021-11-20T16:10:20","modified_gmt":"2021-11-20T16:10:20","slug":"sobre-nosotros","status":"publish","type":"page","link":"https:\/\/aceriaguadix.com\/en\/sobre-nosotros\/","title":{"rendered":"Sobre nosotros"},"content":{"rendered":"<div data-elementor-type=\"wp-page\" data-elementor-id=\"329\" class=\"elementor elementor-329\">\n\t\t\t\t\t\t<div class=\"elementor-section elementor-top-section elementor-element elementor-element-2bb38a5 elementor-section-stretched elementor-section-boxed elementor-section-height-default elementor-section-height-default\" data-id=\"2bb38a5\" data-element_type=\"section\" data-settings=\"{&quot;stretch_section&quot;:&quot;section-stretched&quot;,&quot;background_background&quot;:&quot;classic&quot;}\">\n\t\t\t\t\t\t\t<div class=\"elementor-background-overlay\"><\/div>\n\t\t\t\t\t\t\t<div class=\"elementor-container elementor-column-gap-default\">\n\t\t\t\t\t<div class=\"elementor-column elementor-col-100 elementor-top-column elementor-element elementor-element-6b1206a\" data-id=\"6b1206a\" data-element_type=\"column\">\n\t\t\t<div class=\"elementor-widget-wrap elementor-element-populated\">\n\t\t\t\t\t\t<div class=\"elementor-section elementor-inner-section elementor-element elementor-element-38f7a29 elementor-section-boxed elementor-section-height-default elementor-section-height-default\" data-id=\"38f7a29\" data-element_type=\"section\">\n\t\t\t\t\t\t<div class=\"elementor-container elementor-column-gap-default\">\n\t\t\t\t\t<div class=\"elementor-column elementor-col-50 elementor-inner-column elementor-element elementor-element-47c9ca6\" data-id=\"47c9ca6\" data-element_type=\"column\">\n\t\t\t<div class=\"elementor-widget-wrap elementor-element-populated\">\n\t\t\t\t\t\t<div class=\"elementor-element elementor-element-fd1d07e elementor-widget elementor-widget-image\" data-id=\"fd1d07e\" data-element_type=\"widget\" data-widget_type=\"image.default\">\n\t\t\t\t<div class=\"elementor-widget-container\">\n\t\t\t\t\t\t\t\t\t\t\t\t\t\t\t<img decoding=\"async\" src=\"https:\/\/aceriaguadix.com\/wp-content\/uploads\/elementor\/thumbs\/imgnosotros-r0sc0o3lxpycd226au2976shg2ytjf2wwm4a704k0g.png\" title=\"imgnosotros\" alt=\"imgnosotros\" loading=\"lazy\" \/>\t\t\t\t\t\t\t\t\t\t\t\t\t\t\t<\/div>\n\t\t\t\t<\/div>\n\t\t\t\t\t<\/div>\n\t\t<\/div>\n\t\t\t\t<div class=\"elementor-column elementor-col-50 elementor-inner-column elementor-element elementor-element-4bc4be4\" data-id=\"4bc4be4\" data-element_type=\"column\">\n\t\t\t<div class=\"elementor-widget-wrap elementor-element-populated\">\n\t\t\t\t\t\t<div class=\"elementor-element elementor-element-1801125 elementor-widget elementor-widget-section_title\" data-id=\"1801125\" data-element_type=\"widget\" data-widget_type=\"section_title.default\">\n\t\t\t\t<div class=\"elementor-widget-container\">\n\t\t\t\t\t\n\n\n<div class=\"pt-section-title-box\">   \n   \t\t<span class=\"pt-section-sub-title\">Sobre Nosotros<\/span>     \t<h5 class=\"pt-section-title\">Acerca de Nosotros<\/h5>     \t<p class=\"pt-section-description\"><p>En Acer\u00eda Guadix realizamos la provisi\u00f3n de elementos de repuesto y desgaste a diversos rubros del sector industrial, reciclando chatarras de acero de alta calidad en hornos de inducci\u00f3n.<\/p><p>Con dinamismo e innovaci\u00f3n permanente, desarrollamos nuevos productos respondiendo a las necesidades de nuestros clientes con especificaciones t\u00e9cnicas regidas por est\u00e1ndares internacionales.<\/p><p>\u00a0<\/p>   \n<\/div>\t\t\t\t<\/div>\n\t\t\t\t<\/div>\n\t\t\t\t\t<\/div>\n\t\t<\/div>\n\t\t\t\t\t<\/div>\n\t\t<\/div>\n\t\t\t\t\t<\/div>\n\t\t<\/div>\n\t\t\t\t\t<\/div>\n\t\t<\/div>\n\t\t\t\t<section class=\"elementor-section elementor-top-section elementor-element elementor-element-4fa8d71 elementor-section-boxed elementor-section-height-default elementor-section-height-default\" data-id=\"4fa8d71\" data-element_type=\"section\">\n\t\t\t\t\t\t<div class=\"elementor-container elementor-column-gap-default\">\n\t\t\t\t\t<div class=\"elementor-column elementor-col-100 elementor-top-column elementor-element elementor-element-ab82db2\" data-id=\"ab82db2\" data-element_type=\"column\">\n\t\t\t<div class=\"elementor-widget-wrap elementor-element-populated\">\n\t\t\t\t\t\t<div class=\"elementor-element elementor-element-1533f1e elementor-widget elementor-widget-heading\" data-id=\"1533f1e\" data-element_type=\"widget\" data-widget_type=\"heading.default\">\n\t\t\t\t<div class=\"elementor-widget-container\">\n\t\t\t\t\t<h1 class=\"elementor-heading-title elementor-size-default\">Soluciones Integrales e integradas en acero<\/h1>\t\t\t\t<\/div>\n\t\t\t\t<\/div>\n\t\t\t\t\t<\/div>\n\t\t<\/div>\n\t\t\t\t\t<\/div>\n\t\t<\/section>\n\t\t\t\t<section class=\"elementor-section elementor-top-section elementor-element elementor-element-bb3b820 elementor-section-boxed elementor-section-height-default elementor-section-height-default\" data-id=\"bb3b820\" data-element_type=\"section\">\n\t\t\t\t\t\t<div class=\"elementor-container elementor-column-gap-default\">\n\t\t\t\t\t<div class=\"elementor-column elementor-col-100 elementor-top-column elementor-element elementor-element-acd09c0\" data-id=\"acd09c0\" data-element_type=\"column\">\n\t\t\t<div class=\"elementor-widget-wrap elementor-element-populated\">\n\t\t\t\t\t\t<div class=\"elementor-element elementor-element-8b8309a elementor-widget elementor-widget-text-editor\" data-id=\"8b8309a\" data-element_type=\"widget\" data-widget_type=\"text-editor.default\">\n\t\t\t\t<div class=\"elementor-widget-container\">\n\t\t\t\t\t\t\t\t\t<p>Formamos parte del Grupo Corporativo Caballero, holding empresarial especializado en la cadena productiva del acero, lo que nos permite ampliar el espectro de servicios complementarios para nuestros clientes.\u00a0<\/p>\t\t\t\t\t\t\t\t<\/div>\n\t\t\t\t<\/div>\n\t\t\t\t\t<\/div>\n\t\t<\/div>\n\t\t\t\t\t<\/div>\n\t\t<\/section>\n\t\t\t\t<section class=\"elementor-section elementor-top-section elementor-element elementor-element-27c6c4b1 elementor-section-full_width elementor-section-height-default elementor-section-height-default\" data-id=\"27c6c4b1\" data-element_type=\"section\" data-settings=\"{&quot;background_background&quot;:&quot;classic&quot;}\">\n\t\t\t\t\t\t<div class=\"elementor-container elementor-column-gap-default\">\n\t\t\t\t\t<div class=\"elementor-column elementor-col-33 elementor-top-column elementor-element elementor-element-461e70ad\" data-id=\"461e70ad\" data-element_type=\"column\">\n\t\t\t<div class=\"elementor-widget-wrap elementor-element-populated\">\n\t\t\t\t\t\t<div class=\"elementor-element elementor-element-6a1dd4a1 elementor-widget elementor-widget-image\" data-id=\"6a1dd4a1\" data-element_type=\"widget\" id=\"cc-grupo\" data-widget_type=\"image.default\">\n\t\t\t\t<div class=\"elementor-widget-container\">\n\t\t\t\t\t\t\t\t\t\t\t\t\t\t\t\t<a href=\"https:\/\/carloscaballerosa.com\/\" target=\"_blank\" rel=\"nofollow\">\n\t\t\t\t\t\t\t<img decoding=\"async\" width=\"299\" height=\"70\" src=\"https:\/\/aceriaguadix.com\/wp-content\/uploads\/2021\/11\/logo-caballero-grupo-corp-color-70.jpg\" class=\"elementor-animation-push attachment-large size-large wp-image-5184\" alt=\"\" srcset=\"https:\/\/aceriaguadix.com\/wp-content\/uploads\/2021\/11\/logo-caballero-grupo-corp-color-70.jpg 299w, https:\/\/aceriaguadix.com\/wp-content\/uploads\/2021\/11\/logo-caballero-grupo-corp-color-70-18x4.jpg 18w\" sizes=\"(max-width: 299px) 100vw, 299px\" \/>\t\t\t\t\t\t\t\t<\/a>\n\t\t\t\t\t\t\t\t\t\t\t\t\t\t\t<\/div>\n\t\t\t\t<\/div>\n\t\t\t\t\t<\/div>\n\t\t<\/div>\n\t\t\t\t<div class=\"elementor-column elementor-col-33 elementor-top-column elementor-element elementor-element-2c1bd22\" data-id=\"2c1bd22\" data-element_type=\"column\">\n\t\t\t<div class=\"elementor-widget-wrap elementor-element-populated\">\n\t\t\t\t\t\t<div class=\"elementor-element elementor-element-10676d70 elementor-widget elementor-widget-image\" data-id=\"10676d70\" data-element_type=\"widget\" id=\"cc\" data-widget_type=\"image.default\">\n\t\t\t\t<div class=\"elementor-widget-container\">\n\t\t\t\t\t\t\t\t\t\t\t\t\t\t\t\t<a href=\"http:\/\/carloscaballerosa.com\" target=\"_blank\" rel=\"nofollow\">\n\t\t\t\t\t\t\t<img decoding=\"async\" width=\"364\" height=\"70\" src=\"https:\/\/aceriaguadix.com\/wp-content\/uploads\/2021\/11\/logo-carlos-caballero-color-70.jpg\" class=\"elementor-animation-pulse attachment-large size-large wp-image-5186\" alt=\"\" srcset=\"https:\/\/aceriaguadix.com\/wp-content\/uploads\/2021\/11\/logo-carlos-caballero-color-70.jpg 364w, https:\/\/aceriaguadix.com\/wp-content\/uploads\/2021\/11\/logo-carlos-caballero-color-70-300x58.jpg 300w, https:\/\/aceriaguadix.com\/wp-content\/uploads\/2021\/11\/logo-carlos-caballero-color-70-18x3.jpg 18w\" sizes=\"(max-width: 364px) 100vw, 364px\" \/>\t\t\t\t\t\t\t\t<\/a>\n\t\t\t\t\t\t\t\t\t\t\t\t\t\t\t<\/div>\n\t\t\t\t<\/div>\n\t\t\t\t\t<\/div>\n\t\t<\/div>\n\t\t\t\t<div class=\"elementor-column elementor-col-33 elementor-top-column elementor-element elementor-element-44d409ce\" data-id=\"44d409ce\" data-element_type=\"column\">\n\t\t\t<div class=\"elementor-widget-wrap elementor-element-populated\">\n\t\t\t\t\t\t<div class=\"elementor-element elementor-element-22fd58ff elementor-widget elementor-widget-image\" data-id=\"22fd58ff\" data-element_type=\"widget\" data-widget_type=\"image.default\">\n\t\t\t\t<div class=\"elementor-widget-container\">\n\t\t\t\t\t\t\t\t\t\t\t\t\t\t\t\t<a href=\"https:\/\/australsrl.com\/\" target=\"_blank\" rel=\"nofollow\">\n\t\t\t\t\t\t\t<img decoding=\"async\" width=\"245\" height=\"70\" src=\"https:\/\/aceriaguadix.com\/wp-content\/uploads\/2021\/11\/logo-austral-color-70.jpg\" class=\"elementor-animation-pulse attachment-large size-large wp-image-5185\" alt=\"\" srcset=\"https:\/\/aceriaguadix.com\/wp-content\/uploads\/2021\/11\/logo-austral-color-70.jpg 245w, https:\/\/aceriaguadix.com\/wp-content\/uploads\/2021\/11\/logo-austral-color-70-18x5.jpg 18w\" sizes=\"(max-width: 245px) 100vw, 245px\" \/>\t\t\t\t\t\t\t\t<\/a>\n\t\t\t\t\t\t\t\t\t\t\t\t\t\t\t<\/div>\n\t\t\t\t<\/div>\n\t\t\t\t\t<\/div>\n\t\t<\/div>\n\t\t\t\t\t<\/div>\n\t\t<\/section>\n\t\t\t\t<\/div>","protected":false},"excerpt":{"rendered":"<p>Sobre Nosotros Acerca de Nosotros En Acer\u00eda Guadix realizamos la provisi\u00f3n de elementos de repuesto y desgaste a diversos rubros del sector industrial, reciclando chatarras de acero de alta calidad en hornos de inducci\u00f3n.Con dinamismo e innovaci\u00f3n permanente, desarrollamos nuevos productos respondiendo a las necesidades de nuestros clientes con especificaciones t\u00e9cnicas regidas por est\u00e1ndares internacionales.\u00a0 [&hellip;]<\/p>","protected":false},"author":1,"featured_media":0,"parent":0,"menu_order":0,"comment_status":"closed","ping_status":"closed","template":"","meta":{"_acf_changed":false,"_monsterinsights_skip_tracking":false,"_monsterinsights_sitenote_active":false,"_monsterinsights_sitenote_note":"","_monsterinsights_sitenote_category":0,"footnotes":""},"class_list":["post-329","page","type-page","status-publish","hentry"],"acf":[],"_links":{"self":[{"href":"https:\/\/aceriaguadix.com\/en\/wp-json\/wp\/v2\/pages\/329","targetHints":{"allow":["GET"]}}],"collection":[{"href":"https:\/\/aceriaguadix.com\/en\/wp-json\/wp\/v2\/pages"}],"about":[{"href":"https:\/\/aceriaguadix.com\/en\/wp-json\/wp\/v2\/types\/page"}],"author":[{"embeddable":true,"href":"https:\/\/aceriaguadix.com\/en\/wp-json\/wp\/v2\/users\/1"}],"replies":[{"embeddable":true,"href":"https:\/\/aceriaguadix.com\/en\/wp-json\/wp\/v2\/comments?post=329"}],"version-history":[{"count":9,"href":"https:\/\/aceriaguadix.com\/en\/wp-json\/wp\/v2\/pages\/329\/revisions"}],"predecessor-version":[{"id":5467,"href":"https:\/\/aceriaguadix.com\/en\/wp-json\/wp\/v2\/pages\/329\/revisions\/5467"}],"wp:attachment":[{"href":"https:\/\/aceriaguadix.com\/en\/wp-json\/wp\/v2\/media?parent=329"}],"curies":[{"name":"wp","href":"https:\/\/api.w.org\/{rel}","templated":true}]}}