{"id":3302,"date":"2021-08-19T21:27:42","date_gmt":"2021-08-19T21:27:42","guid":{"rendered":"https:\/\/aceriaguadix.com\/?page_id=3302"},"modified":"2021-10-21T05:28:35","modified_gmt":"2021-10-21T05:28:35","slug":"hse-politicas","status":"publish","type":"page","link":"https:\/\/aceriaguadix.com\/en\/sobre-nosotros\/hse-politicas\/","title":{"rendered":"HSE Pol\u00edticas"},"content":{"rendered":"<div data-elementor-type=\"wp-page\" data-elementor-id=\"3302\" class=\"elementor elementor-3302\">\n\t\t\t\t\t\t<section class=\"elementor-section elementor-top-section elementor-element elementor-element-7d53522 elementor-section-boxed elementor-section-height-default elementor-section-height-default\" data-id=\"7d53522\" data-element_type=\"section\">\n\t\t\t\t\t\t<div class=\"elementor-container elementor-column-gap-default\">\n\t\t\t\t\t<div class=\"elementor-column elementor-col-100 elementor-top-column elementor-element elementor-element-abf9ae9\" data-id=\"abf9ae9\" data-element_type=\"column\">\n\t\t\t<div class=\"elementor-widget-wrap elementor-element-populated\">\n\t\t\t\t\t\t<div class=\"elementor-element elementor-element-dae46a1 elementor-widget elementor-widget-heading\" data-id=\"dae46a1\" data-element_type=\"widget\" data-widget_type=\"heading.default\">\n\t\t\t\t<div class=\"elementor-widget-container\">\n\t\t\t\t\t<h2 class=\"elementor-heading-title elementor-size-default\">Pol\u00edtica de Calidad, Seguridad y Salud ocupacional<\/h2>\t\t\t\t<\/div>\n\t\t\t\t<\/div>\n\t\t\t\t<div class=\"elementor-element elementor-element-dbcf388 elementor-widget elementor-widget-spacer\" data-id=\"dbcf388\" data-element_type=\"widget\" data-widget_type=\"spacer.default\">\n\t\t\t\t<div class=\"elementor-widget-container\">\n\t\t\t\t\t\t\t<div class=\"elementor-spacer\">\n\t\t\t<div class=\"elementor-spacer-inner\"><\/div>\n\t\t<\/div>\n\t\t\t\t\t\t<\/div>\n\t\t\t\t<\/div>\n\t\t\t\t\t<\/div>\n\t\t<\/div>\n\t\t\t\t\t<\/div>\n\t\t<\/section>\n\t\t\t\t<section class=\"elementor-section elementor-top-section elementor-element elementor-element-46d5739 elementor-section-boxed elementor-section-height-default elementor-section-height-default\" data-id=\"46d5739\" data-element_type=\"section\">\n\t\t\t\t\t\t<div class=\"elementor-container elementor-column-gap-default\">\n\t\t\t\t\t<div class=\"elementor-column elementor-col-20 elementor-top-column elementor-element elementor-element-e794d9c\" data-id=\"e794d9c\" data-element_type=\"column\">\n\t\t\t<div class=\"elementor-widget-wrap\">\n\t\t\t\t\t\t\t<\/div>\n\t\t<\/div>\n\t\t\t\t<div class=\"elementor-column elementor-col-20 elementor-top-column elementor-element elementor-element-f4caa54\" data-id=\"f4caa54\" data-element_type=\"column\">\n\t\t\t<div class=\"elementor-widget-wrap elementor-element-populated\">\n\t\t\t\t\t\t<div class=\"elementor-element elementor-element-4462f64 elementor-view-default elementor-widget elementor-widget-icon\" data-id=\"4462f64\" data-element_type=\"widget\" data-widget_type=\"icon.default\">\n\t\t\t\t<div class=\"elementor-widget-container\">\n\t\t\t\t\t\t\t<div class=\"elementor-icon-wrapper\">\n\t\t\t<div class=\"elementor-icon\">\n\t\t\t<i aria-hidden=\"true\" class=\"far fa-handshake\"><\/i>\t\t\t<\/div>\n\t\t<\/div>\n\t\t\t\t\t\t<\/div>\n\t\t\t\t<\/div>\n\t\t\t\t<div class=\"elementor-element elementor-element-752add8 elementor-widget elementor-widget-text-editor\" data-id=\"752add8\" data-element_type=\"widget\" data-widget_type=\"text-editor.default\">\n\t\t\t\t<div class=\"elementor-widget-container\">\n\t\t\t\t\t\t\t\t\t<p style=\"text-align: center;\">Guadix se compromete con las partes interesadas a mantener y mejorar continuamente un sistema integrado de gesti\u00f3n de calidad, seguridad y salud ocupacional.<\/p>\t\t\t\t\t\t\t\t<\/div>\n\t\t\t\t<\/div>\n\t\t\t\t\t<\/div>\n\t\t<\/div>\n\t\t\t\t<div class=\"elementor-column elementor-col-20 elementor-top-column elementor-element elementor-element-f79d754\" data-id=\"f79d754\" data-element_type=\"column\">\n\t\t\t<div class=\"elementor-widget-wrap elementor-element-populated\">\n\t\t\t\t\t\t<div class=\"elementor-element elementor-element-d15b853 elementor-view-default elementor-widget elementor-widget-icon\" data-id=\"d15b853\" data-element_type=\"widget\" data-widget_type=\"icon.default\">\n\t\t\t\t<div class=\"elementor-widget-container\">\n\t\t\t\t\t\t\t<div class=\"elementor-icon-wrapper\">\n\t\t\t<div class=\"elementor-icon\">\n\t\t\t<i aria-hidden=\"true\" class=\"fas fa-cogs\"><\/i>\t\t\t<\/div>\n\t\t<\/div>\n\t\t\t\t\t\t<\/div>\n\t\t\t\t<\/div>\n\t\t\t\t<div class=\"elementor-element elementor-element-b327eb2 elementor-widget elementor-widget-text-editor\" data-id=\"b327eb2\" data-element_type=\"widget\" data-widget_type=\"text-editor.default\">\n\t\t\t\t<div class=\"elementor-widget-container\">\n\t\t\t\t\t\t\t\t\t<p style=\"text-align: center;\">Contamos con los recursos necesarios para satisfacer las especificaciones de nuestros clientes, mantener el compromiso de prevenci\u00f3n a los da\u00f1os y deterioro a la salud de nuestros trabajadores, proteger el medio ambiente y cumplir los requisitos legales con las reglamentaciones aplicables a la industria.<\/p>\t\t\t\t\t\t\t\t<\/div>\n\t\t\t\t<\/div>\n\t\t\t\t\t<\/div>\n\t\t<\/div>\n\t\t\t\t<div class=\"elementor-column elementor-col-20 elementor-top-column elementor-element elementor-element-611ed4f\" data-id=\"611ed4f\" data-element_type=\"column\">\n\t\t\t<div class=\"elementor-widget-wrap elementor-element-populated\">\n\t\t\t\t\t\t<div class=\"elementor-element elementor-element-e8b9e9e elementor-view-default elementor-widget elementor-widget-icon\" data-id=\"e8b9e9e\" data-element_type=\"widget\" data-widget_type=\"icon.default\">\n\t\t\t\t<div class=\"elementor-widget-container\">\n\t\t\t\t\t\t\t<div class=\"elementor-icon-wrapper\">\n\t\t\t<div class=\"elementor-icon\">\n\t\t\t<i aria-hidden=\"true\" class=\"fas fa-chart-line\"><\/i>\t\t\t<\/div>\n\t\t<\/div>\n\t\t\t\t\t\t<\/div>\n\t\t\t\t<\/div>\n\t\t\t\t<div class=\"elementor-element elementor-element-93f9663 elementor-widget elementor-widget-text-editor\" data-id=\"93f9663\" data-element_type=\"widget\" data-widget_type=\"text-editor.default\">\n\t\t\t\t<div class=\"elementor-widget-container\">\n\t\t\t\t\t\t\t\t\t<p style=\"text-align: center;\">Para garantizar el \u00e9xito de esta pol\u00edtica nos enfocamos en la efectividad y evaluaci\u00f3n del desempe\u00f1o de nuestras operaciones, bajo los lineamientos del grupo corporativo Caballero <\/p>\t\t\t\t\t\t\t\t<\/div>\n\t\t\t\t<\/div>\n\t\t\t\t\t<\/div>\n\t\t<\/div>\n\t\t\t\t<div class=\"elementor-column elementor-col-20 elementor-top-column elementor-element elementor-element-f1df521\" data-id=\"f1df521\" data-element_type=\"column\">\n\t\t\t<div class=\"elementor-widget-wrap\">\n\t\t\t\t\t\t\t<\/div>\n\t\t<\/div>\n\t\t\t\t\t<\/div>\n\t\t<\/section>\n\t\t\t\t<\/div>","protected":false},"excerpt":{"rendered":"<p>Pol\u00edtica de Calidad, Seguridad y Salud ocupacional Guadix se compromete con las partes interesadas a mantener y mejorar continuamente un sistema integrado de gesti\u00f3n de calidad, seguridad y salud ocupacional. Contamos con los recursos necesarios para satisfacer las especificaciones de nuestros clientes, mantener el compromiso de prevenci\u00f3n a los da\u00f1os y deterioro a la salud [&hellip;]<\/p>","protected":false},"author":1,"featured_media":0,"parent":329,"menu_order":5,"comment_status":"closed","ping_status":"closed","template":"","meta":{"_acf_changed":false,"_monsterinsights_skip_tracking":false,"_monsterinsights_sitenote_active":false,"_monsterinsights_sitenote_note":"","_monsterinsights_sitenote_category":0,"footnotes":""},"class_list":["post-3302","page","type-page","status-publish","hentry"],"acf":[],"_links":{"self":[{"href":"https:\/\/aceriaguadix.com\/en\/wp-json\/wp\/v2\/pages\/3302","targetHints":{"allow":["GET"]}}],"collection":[{"href":"https:\/\/aceriaguadix.com\/en\/wp-json\/wp\/v2\/pages"}],"about":[{"href":"https:\/\/aceriaguadix.com\/en\/wp-json\/wp\/v2\/types\/page"}],"author":[{"embeddable":true,"href":"https:\/\/aceriaguadix.com\/en\/wp-json\/wp\/v2\/users\/1"}],"replies":[{"embeddable":true,"href":"https:\/\/aceriaguadix.com\/en\/wp-json\/wp\/v2\/comments?post=3302"}],"version-history":[{"count":7,"href":"https:\/\/aceriaguadix.com\/en\/wp-json\/wp\/v2\/pages\/3302\/revisions"}],"predecessor-version":[{"id":4032,"href":"https:\/\/aceriaguadix.com\/en\/wp-json\/wp\/v2\/pages\/3302\/revisions\/4032"}],"up":[{"embeddable":true,"href":"https:\/\/aceriaguadix.com\/en\/wp-json\/wp\/v2\/pages\/329"}],"wp:attachment":[{"href":"https:\/\/aceriaguadix.com\/en\/wp-json\/wp\/v2\/media?parent=3302"}],"curies":[{"name":"wp","href":"https:\/\/api.w.org\/{rel}","templated":true}]}}