{"id":331,"date":"2020-09-07T10:51:53","date_gmt":"2020-09-07T10:51:53","guid":{"rendered":"http:\/\/industrie.peacefulqode.com\/?page_id=331"},"modified":"2021-11-20T14:39:23","modified_gmt":"2021-11-20T14:39:23","slug":"servicios","status":"publish","type":"page","link":"https:\/\/aceriaguadix.com\/en\/servicios\/","title":{"rendered":"Servicios"},"content":{"rendered":"<div data-elementor-type=\"wp-page\" data-elementor-id=\"331\" class=\"elementor elementor-331\">\n\t\t\t\t\t\t<div class=\"elementor-section elementor-top-section elementor-element elementor-element-5acd0cf elementor-section-full_width elementor-section-stretched elementor-section-height-default elementor-section-height-default\" data-id=\"5acd0cf\" data-element_type=\"section\" data-settings=\"{&quot;stretch_section&quot;:&quot;section-stretched&quot;,&quot;background_background&quot;:&quot;classic&quot;}\">\n\t\t\t\t\t\t<div class=\"elementor-container elementor-column-gap-default\">\n\t\t\t\t\t<div class=\"elementor-column elementor-col-100 elementor-top-column elementor-element elementor-element-7f35c1b\" data-id=\"7f35c1b\" data-element_type=\"column\">\n\t\t\t<div class=\"elementor-widget-wrap elementor-element-populated\">\n\t\t\t\t\t\t<div class=\"elementor-section elementor-inner-section elementor-element elementor-element-a1c0efb elementor-section-boxed elementor-section-height-default elementor-section-height-default\" data-id=\"a1c0efb\" data-element_type=\"section\">\n\t\t\t\t\t\t<div class=\"elementor-container elementor-column-gap-default\">\n\t\t\t\t\t<div class=\"elementor-column elementor-col-100 elementor-inner-column elementor-element elementor-element-0352681\" data-id=\"0352681\" data-element_type=\"column\">\n\t\t\t<div class=\"elementor-widget-wrap elementor-element-populated\">\n\t\t\t\t\t\t<div class=\"elementor-element elementor-element-7ce96b8 elementor-widget elementor-widget-section_title\" data-id=\"7ce96b8\" data-element_type=\"widget\" data-widget_type=\"section_title.default\">\n\t\t\t\t<div class=\"elementor-widget-container\">\n\t\t\t\t\t\n\n\n<div class=\"pt-section-title-box text-center\">   \n   \t\t<span class=\"pt-section-sub-title\">Nuestros servicios<\/span>     \t<h5 class=\"pt-section-title\">le proporcionamos los mejores servicios para su negocio<\/h5>     \t   \n<\/div>\t\t\t\t<\/div>\n\t\t\t\t<\/div>\n\t\t\t\t\t<\/div>\n\t\t<\/div>\n\t\t\t\t\t<\/div>\n\t\t<\/div>\n\t\t\t\t<div class=\"elementor-section elementor-inner-section elementor-element elementor-element-8a55c4f elementor-section-full_width elementor-section-height-default elementor-section-height-default\" data-id=\"8a55c4f\" data-element_type=\"section\" data-settings=\"{&quot;background_background&quot;:&quot;classic&quot;}\">\n\t\t\t\t\t\t<div class=\"elementor-container elementor-column-gap-default\">\n\t\t\t\t\t<div class=\"elementor-column elementor-col-25 elementor-inner-column elementor-element elementor-element-8909733 elementor-hidden-phone\" data-id=\"8909733\" data-element_type=\"column\" data-settings=\"{&quot;background_background&quot;:&quot;classic&quot;}\">\n\t\t\t<div class=\"elementor-widget-wrap\">\n\t\t\t\t\t<div class=\"elementor-background-overlay\"><\/div>\n\t\t\t\t\t\t\t<\/div>\n\t\t<\/div>\n\t\t\t\t<div class=\"elementor-column elementor-col-25 elementor-inner-column elementor-element elementor-element-50de6c0\" data-id=\"50de6c0\" data-element_type=\"column\">\n\t\t\t<div class=\"elementor-widget-wrap elementor-element-populated\">\n\t\t\t\t\t\t<div class=\"elementor-element elementor-element-376eedf elementor-widget elementor-widget-icon-box\" data-id=\"376eedf\" data-element_type=\"widget\" data-widget_type=\"icon-box.default\">\n\t\t\t\t<div class=\"elementor-widget-container\">\n\t\t\t\t\t\t\t<div class=\"elementor-icon-box-wrapper\">\n\n\t\t\t\n\t\t\t\t\t\t<div class=\"elementor-icon-box-content\">\n\n\t\t\t\t\t\t\t\t\t<h2 class=\"elementor-icon-box-title\">\n\t\t\t\t\t\t<a href=\"https:\/\/aceriaguadix.com\/en\/servicios\/ingenieria\/\" >\n\t\t\t\t\t\t\tIngenier\u00eda\t\t\t\t\t\t<\/a>\n\t\t\t\t\t<\/h2>\n\t\t\t\t\n\t\t\t\t\t\t\t\t\t<p class=\"elementor-icon-box-description\">\n\t\t\t\t\t\tDise\u00f1o y simulaci\u00f3n computarizada para productos y sistemas de fundici\u00f3n. Desarrollo de piezas de acuerdo a las necesidades de clientes. \t\t\t\t\t<\/p>\n\t\t\t\t\n\t\t\t<\/div>\n\t\t\t\n\t\t<\/div>\n\t\t\t\t\t\t<\/div>\n\t\t\t\t<\/div>\n\t\t\t\t\t<\/div>\n\t\t<\/div>\n\t\t\t\t<div class=\"elementor-column elementor-col-25 elementor-inner-column elementor-element elementor-element-ae694d8 elementor-hidden-phone\" data-id=\"ae694d8\" data-element_type=\"column\" data-settings=\"{&quot;background_background&quot;:&quot;classic&quot;}\">\n\t\t\t<div class=\"elementor-widget-wrap\">\n\t\t\t\t\t<div class=\"elementor-background-overlay\"><\/div>\n\t\t\t\t\t\t\t<\/div>\n\t\t<\/div>\n\t\t\t\t<div class=\"elementor-column elementor-col-25 elementor-inner-column elementor-element elementor-element-5687900\" data-id=\"5687900\" data-element_type=\"column\">\n\t\t\t<div class=\"elementor-widget-wrap elementor-element-populated\">\n\t\t\t\t\t\t<div class=\"elementor-element elementor-element-f0b4106 elementor-widget elementor-widget-icon-box\" data-id=\"f0b4106\" data-element_type=\"widget\" data-widget_type=\"icon-box.default\">\n\t\t\t\t<div class=\"elementor-widget-container\">\n\t\t\t\t\t\t\t<div class=\"elementor-icon-box-wrapper\">\n\n\t\t\t\n\t\t\t\t\t\t<div class=\"elementor-icon-box-content\">\n\n\t\t\t\t\t\t\t\t\t<h2 class=\"elementor-icon-box-title\">\n\t\t\t\t\t\t<a href=\"https:\/\/aceriaguadix.com\/en\/servicios\/tratamiento-termico\/\" >\n\t\t\t\t\t\t\tTratamiento t\u00e9rmico\t\t\t\t\t\t<\/a>\n\t\t\t\t\t<\/h2>\n\t\t\t\t\n\t\t\t\t\t\t\t\t\t<p class=\"elementor-icon-box-description\">\n\t\t\t\t\t\tPropiedades mec\u00e1nicas garantizadas en las diversas aleaciones productivas. \t\t\t\t\t<\/p>\n\t\t\t\t\n\t\t\t<\/div>\n\t\t\t\n\t\t<\/div>\n\t\t\t\t\t\t<\/div>\n\t\t\t\t<\/div>\n\t\t\t\t\t<\/div>\n\t\t<\/div>\n\t\t\t\t\t<\/div>\n\t\t<\/div>\n\t\t\t\t<div class=\"elementor-section elementor-inner-section elementor-element elementor-element-6eefcce elementor-section-full_width elementor-reverse-tablet elementor-section-height-default elementor-section-height-default\" data-id=\"6eefcce\" data-element_type=\"section\" data-settings=\"{&quot;background_background&quot;:&quot;classic&quot;}\">\n\t\t\t\t\t\t<div class=\"elementor-container elementor-column-gap-default\">\n\t\t\t\t\t<div class=\"elementor-column elementor-col-25 elementor-inner-column elementor-element elementor-element-566f87a\" data-id=\"566f87a\" data-element_type=\"column\">\n\t\t\t<div class=\"elementor-widget-wrap elementor-element-populated\">\n\t\t\t\t\t\t<div class=\"elementor-element elementor-element-104c1e3 elementor-widget elementor-widget-icon-box\" data-id=\"104c1e3\" data-element_type=\"widget\" data-widget_type=\"icon-box.default\">\n\t\t\t\t<div class=\"elementor-widget-container\">\n\t\t\t\t\t\t\t<div class=\"elementor-icon-box-wrapper\">\n\n\t\t\t\n\t\t\t\t\t\t<div class=\"elementor-icon-box-content\">\n\n\t\t\t\t\t\t\t\t\t<h2 class=\"elementor-icon-box-title\">\n\t\t\t\t\t\t<a href=\"https:\/\/aceriaguadix.com\/en\/servicios\/laboratorio\/\" >\n\t\t\t\t\t\t\tLaboratorio\t\t\t\t\t\t<\/a>\n\t\t\t\t\t<\/h2>\n\t\t\t\t\n\t\t\t\t\t\t\t\t\t<p class=\"elementor-icon-box-description\">\n\t\t\t\t\t\t\u00b7 Identificaci\u00f3n Positiva de Materiales (PMI): Espectrometr\u00eda, Determinaci\u00f3n de la Dureza, An\u00e1lisis Metalogr\u00e1fico L\u00edquidos penetrantes \u00b7 Ensayos de flexi\u00f3n\t\t\t\t\t<\/p>\n\t\t\t\t\n\t\t\t<\/div>\n\t\t\t\n\t\t<\/div>\n\t\t\t\t\t\t<\/div>\n\t\t\t\t<\/div>\n\t\t\t\t\t<\/div>\n\t\t<\/div>\n\t\t\t\t<div class=\"elementor-column elementor-col-25 elementor-inner-column elementor-element elementor-element-0ecbaa3 elementor-hidden-phone\" data-id=\"0ecbaa3\" data-element_type=\"column\" data-settings=\"{&quot;background_background&quot;:&quot;classic&quot;}\">\n\t\t\t<div class=\"elementor-widget-wrap\">\n\t\t\t\t\t<div class=\"elementor-background-overlay\"><\/div>\n\t\t\t\t\t\t\t<\/div>\n\t\t<\/div>\n\t\t\t\t<div class=\"elementor-column elementor-col-25 elementor-inner-column elementor-element elementor-element-8ba80cc\" data-id=\"8ba80cc\" data-element_type=\"column\">\n\t\t\t<div class=\"elementor-widget-wrap elementor-element-populated\">\n\t\t\t\t\t\t<div class=\"elementor-element elementor-element-2f6d4e7 elementor-widget elementor-widget-icon-box\" data-id=\"2f6d4e7\" data-element_type=\"widget\" data-widget_type=\"icon-box.default\">\n\t\t\t\t<div class=\"elementor-widget-container\">\n\t\t\t\t\t\t\t<div class=\"elementor-icon-box-wrapper\">\n\n\t\t\t\n\t\t\t\t\t\t<div class=\"elementor-icon-box-content\">\n\n\t\t\t\t\t\t\t\t\t<h2 class=\"elementor-icon-box-title\">\n\t\t\t\t\t\t<a href=\"https:\/\/aceriaguadix.com\/en\/servicios\/maestranza\/\" >\n\t\t\t\t\t\t\tMaestranza\t\t\t\t\t\t<\/a>\n\t\t\t\t\t<\/h2>\n\t\t\t\t\n\t\t\t\t\t\t\t\t\t<p class=\"elementor-icon-box-description\">\n\t\t\t\t\t\tTorner\u00eda, Fresado y perforaci\u00f3n.\t\t\t\t\t<\/p>\n\t\t\t\t\n\t\t\t<\/div>\n\t\t\t\n\t\t<\/div>\n\t\t\t\t\t\t<\/div>\n\t\t\t\t<\/div>\n\t\t\t\t\t<\/div>\n\t\t<\/div>\n\t\t\t\t<div class=\"elementor-column elementor-col-25 elementor-inner-column elementor-element elementor-element-d0689fe elementor-hidden-phone\" data-id=\"d0689fe\" data-element_type=\"column\" data-settings=\"{&quot;background_background&quot;:&quot;classic&quot;}\">\n\t\t\t<div class=\"elementor-widget-wrap\">\n\t\t\t\t\t<div class=\"elementor-background-overlay\"><\/div>\n\t\t\t\t\t\t\t<\/div>\n\t\t<\/div>\n\t\t\t\t\t<\/div>\n\t\t<\/div>\n\t\t\t\t<div class=\"elementor-section elementor-inner-section elementor-element elementor-element-62b6e33 elementor-section-full_width elementor-section-height-default elementor-section-height-default\" data-id=\"62b6e33\" data-element_type=\"section\" data-settings=\"{&quot;background_background&quot;:&quot;classic&quot;}\">\n\t\t\t\t\t\t<div class=\"elementor-container elementor-column-gap-default\">\n\t\t\t\t\t<div class=\"elementor-column elementor-col-25 elementor-inner-column elementor-element elementor-element-513bcac elementor-hidden-phone\" data-id=\"513bcac\" data-element_type=\"column\" data-settings=\"{&quot;background_background&quot;:&quot;classic&quot;}\">\n\t\t\t<div class=\"elementor-widget-wrap\">\n\t\t\t\t\t<div class=\"elementor-background-overlay\"><\/div>\n\t\t\t\t\t\t\t<\/div>\n\t\t<\/div>\n\t\t\t\t<div class=\"elementor-column elementor-col-25 elementor-inner-column elementor-element elementor-element-e05385a\" data-id=\"e05385a\" data-element_type=\"column\">\n\t\t\t<div class=\"elementor-widget-wrap elementor-element-populated\">\n\t\t\t\t\t\t<div class=\"elementor-element elementor-element-1a6dcf5 elementor-widget elementor-widget-icon-box\" data-id=\"1a6dcf5\" data-element_type=\"widget\" data-widget_type=\"icon-box.default\">\n\t\t\t\t<div class=\"elementor-widget-container\">\n\t\t\t\t\t\t\t<div class=\"elementor-icon-box-wrapper\">\n\n\t\t\t\n\t\t\t\t\t\t<div class=\"elementor-icon-box-content\">\n\n\t\t\t\t\t\t\t\t\t<h2 class=\"elementor-icon-box-title\">\n\t\t\t\t\t\t<a href=\"https:\/\/aceriaguadix.com\/en\/servicios\/aleacion\/\" >\n\t\t\t\t\t\t\tAleaci\u00f3n\t\t\t\t\t\t<\/a>\n\t\t\t\t\t<\/h2>\n\t\t\t\t\n\t\t\t\t\t\t\t\t\t<p class=\"elementor-icon-box-description\">\n\t\t\t\t\t\tAceros Al Carbono,  Acero Aleado: Cr \u2013 Ni \u2013 Mo, Acero Al Manganeso, Acero Inoxidable, Hierro Blanco, Hierro Gris, Hierro Nodular, Bronce\t\t\t\t\t<\/p>\n\t\t\t\t\n\t\t\t<\/div>\n\t\t\t\n\t\t<\/div>\n\t\t\t\t\t\t<\/div>\n\t\t\t\t<\/div>\n\t\t\t\t\t<\/div>\n\t\t<\/div>\n\t\t\t\t<div class=\"elementor-column elementor-col-25 elementor-inner-column elementor-element elementor-element-620c593 elementor-hidden-phone\" data-id=\"620c593\" data-element_type=\"column\" data-settings=\"{&quot;background_background&quot;:&quot;classic&quot;}\">\n\t\t\t<div class=\"elementor-widget-wrap\">\n\t\t\t\t\t<div class=\"elementor-background-overlay\"><\/div>\n\t\t\t\t\t\t\t<\/div>\n\t\t<\/div>\n\t\t\t\t<div class=\"elementor-column elementor-col-25 elementor-inner-column elementor-element elementor-element-3d91c48\" data-id=\"3d91c48\" data-element_type=\"column\">\n\t\t\t<div class=\"elementor-widget-wrap elementor-element-populated\">\n\t\t\t\t\t\t\t<\/div>\n\t\t<\/div>\n\t\t\t\t\t<\/div>\n\t\t<\/div>\n\t\t\t\t\t<\/div>\n\t\t<\/div>\n\t\t\t\t\t<\/div>\n\t\t<\/div>\n\t\t\t\t<div class=\"elementor-section elementor-top-section elementor-element elementor-element-491795a elementor-section-full_width elementor-section-stretched elementor-section-height-default elementor-section-height-default\" data-id=\"491795a\" data-element_type=\"section\" data-settings=\"{&quot;stretch_section&quot;:&quot;section-stretched&quot;,&quot;background_background&quot;:&quot;classic&quot;}\">\n\t\t\t\t\t\t\t<div class=\"elementor-background-overlay\"><\/div>\n\t\t\t\t\t\t\t<div class=\"elementor-container elementor-column-gap-default\">\n\t\t\t\t\t<div class=\"elementor-column elementor-col-100 elementor-top-column elementor-element elementor-element-4743978\" data-id=\"4743978\" data-element_type=\"column\">\n\t\t\t<div class=\"elementor-widget-wrap elementor-element-populated\">\n\t\t\t\t\t\t<section class=\"elementor-section elementor-inner-section elementor-element elementor-element-e28b653 elementor-section-boxed elementor-section-height-default elementor-section-height-default\" data-id=\"e28b653\" data-element_type=\"section\">\n\t\t\t\t\t\t<div class=\"elementor-container elementor-column-gap-default\">\n\t\t\t\t\t<div class=\"elementor-column elementor-col-25 elementor-inner-column elementor-element elementor-element-ef814f9\" data-id=\"ef814f9\" data-element_type=\"column\">\n\t\t\t<div class=\"elementor-widget-wrap elementor-element-populated\">\n\t\t\t\t\t\t<div class=\"elementor-element elementor-element-858a6d1 elementor-widget elementor-widget-gym-counter\" data-id=\"858a6d1\" data-element_type=\"widget\" data-widget_type=\"gym-counter.default\">\n\t\t\t\t<div class=\"elementor-widget-container\">\n\t\t\t\t\t\n <div class=\"pt-counter-contain\">\n \t\t \t\t<div class=\"pt-counter-img\">\n \t\t\t<div class=\"pt-counter-media\"><i class=\"flaticon-time\"><\/i><\/div> \t\t<\/div>\n \t\t \t\t<div class=\"pt-counter-info\">\n \t\t\t<div class=\"pt-counter-num-prefix\">\n \t\t\t <h5 class=\"timer\" data-to=\"1800\" data-speed=\"5000\">1800<\/h5>\n \t\t\t <span class=\"pt-counter-prefix\">+<\/span> \t\t\t<\/div>\n        \t<p class=\"pt-counter-description\">Capacidad de producci\u00f3n instalada toneladas netas<\/p>\n \t\t<\/div> \n<\/div>\n\t\t\t\t<\/div>\n\t\t\t\t<\/div>\n\t\t\t\t\t<\/div>\n\t\t<\/div>\n\t\t\t\t<div class=\"elementor-column elementor-col-25 elementor-inner-column elementor-element elementor-element-eff9610\" data-id=\"eff9610\" data-element_type=\"column\">\n\t\t\t<div class=\"elementor-widget-wrap elementor-element-populated\">\n\t\t\t\t\t\t<div class=\"elementor-element elementor-element-349924b elementor-widget elementor-widget-gym-counter\" data-id=\"349924b\" data-element_type=\"widget\" data-widget_type=\"gym-counter.default\">\n\t\t\t\t<div class=\"elementor-widget-container\">\n\t\t\t\t\t\n <div class=\"pt-counter-contain\">\n \t\t \t\t<div class=\"pt-counter-img\">\n \t\t\t<div class=\"pt-counter-media\"><i class=\"flaticon-repair\"><\/i><\/div> \t\t<\/div>\n \t\t \t\t<div class=\"pt-counter-info\">\n \t\t\t<div class=\"pt-counter-num-prefix\">\n \t\t\t <h5 class=\"timer\" data-to=\"20000\" data-speed=\"5000\">20000<\/h5>\n \t\t\t <span class=\"pt-counter-prefix\">+<\/span> \t\t\t<\/div>\n        \t<p class=\"pt-counter-description\">Productos entregados<\/p>\n \t\t<\/div> \n<\/div>\n\t\t\t\t<\/div>\n\t\t\t\t<\/div>\n\t\t\t\t\t<\/div>\n\t\t<\/div>\n\t\t\t\t<div class=\"elementor-column elementor-col-25 elementor-inner-column elementor-element elementor-element-72e2655\" data-id=\"72e2655\" data-element_type=\"column\">\n\t\t\t<div class=\"elementor-widget-wrap elementor-element-populated\">\n\t\t\t\t\t\t<div class=\"elementor-element elementor-element-f1260d6 elementor-widget elementor-widget-gym-counter\" data-id=\"f1260d6\" data-element_type=\"widget\" data-widget_type=\"gym-counter.default\">\n\t\t\t\t<div class=\"elementor-widget-container\">\n\t\t\t\t\t\n <div class=\"pt-counter-contain\">\n \t\t \t\t<div class=\"pt-counter-img\">\n \t\t\t<div class=\"pt-counter-media\"><i class=\"flaticon-gear\"><\/i><\/div> \t\t<\/div>\n \t\t \t\t<div class=\"pt-counter-info\">\n \t\t\t<div class=\"pt-counter-num-prefix\">\n \t\t\t <h5 class=\"timer\" data-to=\"6030\" data-speed=\"5000\">6030<\/h5>\n \t\t\t <span class=\"pt-counter-prefix\">+<\/span> \t\t\t<\/div>\n        \t<p class=\"pt-counter-description\">Servicios realizados<\/p>\n \t\t<\/div> \n<\/div>\n\t\t\t\t<\/div>\n\t\t\t\t<\/div>\n\t\t\t\t\t<\/div>\n\t\t<\/div>\n\t\t\t\t<div class=\"elementor-column elementor-col-25 elementor-inner-column elementor-element elementor-element-a40a324\" data-id=\"a40a324\" data-element_type=\"column\">\n\t\t\t<div class=\"elementor-widget-wrap elementor-element-populated\">\n\t\t\t\t\t\t<div class=\"elementor-element elementor-element-7d99805 elementor-widget elementor-widget-gym-counter\" data-id=\"7d99805\" data-element_type=\"widget\" data-widget_type=\"gym-counter.default\">\n\t\t\t\t<div class=\"elementor-widget-container\">\n\t\t\t\t\t\n <div class=\"pt-counter-contain\">\n \t\t \t\t<div class=\"pt-counter-img\">\n \t\t\t<div class=\"pt-counter-media\"><i class=\"flaticon-manufacture-1\"><\/i><\/div> \t\t<\/div>\n \t\t \t\t<div class=\"pt-counter-info\">\n \t\t\t<div class=\"pt-counter-num-prefix\">\n \t\t\t <h5 class=\"timer\" data-to=\"60\" data-speed=\"5000\">60<\/h5>\n \t\t\t <span class=\"pt-counter-prefix\">+<\/span> \t\t\t<\/div>\n        \t<p class=\"pt-counter-description\">Clientes felices<\/p>\n \t\t<\/div> \n<\/div>\n\t\t\t\t<\/div>\n\t\t\t\t<\/div>\n\t\t\t\t\t<\/div>\n\t\t<\/div>\n\t\t\t\t\t<\/div>\n\t\t<\/section>\n\t\t\t\t\t<\/div>\n\t\t<\/div>\n\t\t\t\t\t<\/div>\n\t\t<\/div>\n\t\t\t\t<div class=\"elementor-section elementor-top-section elementor-element elementor-element-3ead6dac elementor-section-boxed elementor-section-height-default elementor-section-height-default\" data-id=\"3ead6dac\" data-element_type=\"section\" data-settings=\"{&quot;background_background&quot;:&quot;classic&quot;}\">\n\t\t\t\t\t\t<div class=\"elementor-container elementor-column-gap-default\">\n\t\t\t\t\t<div class=\"elementor-column elementor-col-100 elementor-top-column elementor-element elementor-element-1529aa6c\" data-id=\"1529aa6c\" data-element_type=\"column\">\n\t\t\t<div class=\"elementor-widget-wrap elementor-element-populated\">\n\t\t\t\t\t\t<div class=\"elementor-section elementor-inner-section elementor-element elementor-element-26c6d330 elementor-section-boxed elementor-section-height-default elementor-section-height-default\" data-id=\"26c6d330\" data-element_type=\"section\">\n\t\t\t\t\t\t<div class=\"elementor-container elementor-column-gap-default\">\n\t\t\t\t\t<div class=\"elementor-column elementor-col-33 elementor-inner-column elementor-element elementor-element-562c7f27\" data-id=\"562c7f27\" data-element_type=\"column\">\n\t\t\t<div class=\"elementor-widget-wrap elementor-element-populated\">\n\t\t\t\t\t\t<div class=\"elementor-element elementor-element-5d7ecae3 elementor-widget elementor-widget-myPt_Contact_Box\" data-id=\"5d7ecae3\" data-element_type=\"widget\" data-widget_type=\"myPt_Contact_Box.default\">\n\t\t\t\t<div class=\"elementor-widget-container\">\n\t\t\t\t\t<div class=\"pt-contact-box pt-contact-box-1\">\n        <div class=\"pt-contact-box-info\">\n        \n        <h2 class=\"pt-contact-box-title\">Acer\u00eda Guadix<\/h2>      \n        \n                <ul class=\"pt-contact-info\">\n              <li>\n                <span>\n\n                  <i class=\"fas fa-map-marker-alt\"><\/i>\n                <span>Carretera a Camiri KM 3 S\/N, La Guardia, Santa Cruz, Bolivia<\/span>\n                <\/span>\n            <\/li>\n            <li>\n                <span>\n                    <i class=\"fa fa-phone\"><\/i>\n                    <span>\n                        <a href=\"tel:+59133621218\">+ (591) 3 - 3621218<\/a>\n                        <a href=\"tel:\"><\/a>\n                    <\/span>\n                    \n                <\/span>                \n            <\/li>\n           \n            <li>\n                <span>\n                    <i class=\"fa fa-envelope\"><\/i>\n                    <span>\n                        <a href=\"mailto:ventas@aceriaguadix.com\">\n                            ventas@aceriaguadix.com\n                        <\/a>\n                         <a href=\"mailto:\">\n                                                    <\/a>\n                    <\/span>\n                    \n                <\/span>\n            <\/li>\n           \n          \n\n        <\/ul>\n        \n    <\/div>\n<\/div>\n\n\t\t\t\t<\/div>\n\t\t\t\t<\/div>\n\t\t\t\t\t<\/div>\n\t\t<\/div>\n\t\t\t\t<div class=\"elementor-column elementor-col-66 elementor-inner-column elementor-element elementor-element-1238df83 quote-from\" data-id=\"1238df83\" data-element_type=\"column\">\n\t\t\t<div class=\"elementor-widget-wrap elementor-element-populated\">\n\t\t\t\t\t\t<div class=\"elementor-element elementor-element-342280d4 elementor-widget elementor-widget-section_title\" data-id=\"342280d4\" data-element_type=\"widget\" data-widget_type=\"section_title.default\">\n\t\t\t\t<div class=\"elementor-widget-container\">\n\t\t\t\t\t\n\n\n<div class=\"pt-section-title-box\">   \n   \t\t<span class=\"pt-section-sub-title\">Cont\u00e1ctenos<\/span>     \t<h5 class=\"pt-section-title\">Formulario de contacto<\/h5>     \t   \n<\/div>\t\t\t\t<\/div>\n\t\t\t\t<\/div>\n\t\t\t\t<div class=\"elementor-element elementor-element-2146573e elementor-widget elementor-widget-html\" data-id=\"2146573e\" data-element_type=\"widget\" data-widget_type=\"html.default\">\n\t\t\t\t<div class=\"elementor-widget-container\">\n\t\t\t\t\t\n<div class=\"wpcf7 no-js\" id=\"wpcf7-f3375-o1\" lang=\"en-US\" dir=\"ltr\" data-wpcf7-id=\"3375\">\n<div class=\"screen-reader-response\"><p role=\"status\" aria-live=\"polite\" aria-atomic=\"true\"><\/p> <ul><\/ul><\/div>\n<form action=\"\/en\/wp-json\/wp\/v2\/pages\/331#wpcf7-f3375-o1\" method=\"post\" class=\"wpcf7-form init\" aria-label=\"Contact form\" novalidate=\"novalidate\" data-status=\"init\" data-trp-original-action=\"\/en\/wp-json\/wp\/v2\/pages\/331#wpcf7-f3375-o1\">\n<div style=\"display: none;\">\n<input type=\"hidden\" name=\"_wpcf7\" value=\"3375\" \/>\n<input type=\"hidden\" name=\"_wpcf7_version\" value=\"6.0.6\" \/>\n<input type=\"hidden\" name=\"_wpcf7_locale\" value=\"en_US\" \/>\n<input type=\"hidden\" name=\"_wpcf7_unit_tag\" value=\"wpcf7-f3375-o1\" \/>\n<input type=\"hidden\" name=\"_wpcf7_container_post\" value=\"0\" \/>\n<input type=\"hidden\" name=\"_wpcf7_posted_data_hash\" value=\"\" \/>\n<\/div>\n<div class=\"row\">\n\t<div class=\"col-md-6\">\n\t\t<p><span class=\"wpcf7-form-control-wrap\" data-name=\"tu-nombre\"><input size=\"40\" maxlength=\"400\" class=\"wpcf7-form-control wpcf7-text wpcf7-validates-as-required\" aria-required=\"true\" aria-invalid=\"false\" placeholder=\"Nombre\" value=\"\" type=\"text\" name=\"tu-nombre\" \/><\/span>\n\t\t<\/p>\n\t<\/div>\n\t<div class=\"col-md-6\">\n\t\t<p><span class=\"wpcf7-form-control-wrap\" data-name=\"tu-email\"><input size=\"40\" maxlength=\"400\" class=\"wpcf7-form-control wpcf7-email wpcf7-validates-as-required wpcf7-text wpcf7-validates-as-email\" aria-required=\"true\" aria-invalid=\"false\" placeholder=\"Correo\" value=\"\" type=\"email\" name=\"tu-email\" \/><\/span>\n\t\t<\/p>\n\t<\/div>\n\t<div class=\"col-md-12\">\n\t\t<p><span class=\"wpcf7-form-control-wrap\" data-name=\"tu-asunto\"><input size=\"40\" maxlength=\"400\" class=\"wpcf7-form-control wpcf7-text\" aria-invalid=\"false\" placeholder=\"Asunto\" value=\"\" type=\"text\" name=\"tu-asunto\" \/><\/span>\n\t\t<\/p>\n\t<\/div>\n\t<div class=\"col-md-12\">\n\t\t<p><span class=\"wpcf7-form-control-wrap\" data-name=\"tu-mensaje\"><textarea cols=\"10\" rows=\"6\" maxlength=\"2000\" class=\"wpcf7-form-control wpcf7-textarea\" aria-invalid=\"false\" placeholder=\"Mensaje\" name=\"tu-mensaje\"><\/textarea><\/span><br \/>\n<input class=\"wpcf7-form-control wpcf7-submit has-spinner\" type=\"submit\" value=\"Enviar\" \/>\n\t\t<\/p>\n\t<\/div>\n<\/div><div class=\"wpcf7-response-output\" aria-hidden=\"true\"><\/div>\n<input type=\"hidden\" name=\"trp-form-language\" value=\"en\"\/><\/form>\n<\/div>\n\t\t\t\t<\/div>\n\t\t\t\t<\/div>\n\t\t\t\t\t<\/div>\n\t\t<\/div>\n\t\t\t\t\t<\/div>\n\t\t<\/div>\n\t\t\t\t\t<\/div>\n\t\t<\/div>\n\t\t\t\t\t<\/div>\n\t\t<\/div>\n\t\t\t\t<\/div>","protected":false},"excerpt":{"rendered":"<p>Nuestros servicios le proporcionamos los mejores servicios para su negocio Ingenier\u00eda Dise\u00f1o y simulaci\u00f3n computarizada para productos y sistemas de fundici\u00f3n. Desarrollo de piezas de acuerdo a las necesidades de clientes. Tratamiento t\u00e9rmico Propiedades mec\u00e1nicas garantizadas en las diversas aleaciones productivas. Laboratorio \u00b7 Identificaci\u00f3n Positiva de Materiales (PMI): Espectrometr\u00eda, Determinaci\u00f3n de la Dureza, An\u00e1lisis Metalogr\u00e1fico [&hellip;]<\/p>","protected":false},"author":1,"featured_media":0,"parent":0,"menu_order":0,"comment_status":"closed","ping_status":"closed","template":"","meta":{"_acf_changed":false,"_monsterinsights_skip_tracking":false,"_monsterinsights_sitenote_active":false,"_monsterinsights_sitenote_note":"","_monsterinsights_sitenote_category":0,"footnotes":""},"class_list":["post-331","page","type-page","status-publish","hentry"],"acf":[],"_links":{"self":[{"href":"https:\/\/aceriaguadix.com\/en\/wp-json\/wp\/v2\/pages\/331","targetHints":{"allow":["GET"]}}],"collection":[{"href":"https:\/\/aceriaguadix.com\/en\/wp-json\/wp\/v2\/pages"}],"about":[{"href":"https:\/\/aceriaguadix.com\/en\/wp-json\/wp\/v2\/types\/page"}],"author":[{"embeddable":true,"href":"https:\/\/aceriaguadix.com\/en\/wp-json\/wp\/v2\/users\/1"}],"replies":[{"embeddable":true,"href":"https:\/\/aceriaguadix.com\/en\/wp-json\/wp\/v2\/comments?post=331"}],"version-history":[{"count":93,"href":"https:\/\/aceriaguadix.com\/en\/wp-json\/wp\/v2\/pages\/331\/revisions"}],"predecessor-version":[{"id":5459,"href":"https:\/\/aceriaguadix.com\/en\/wp-json\/wp\/v2\/pages\/331\/revisions\/5459"}],"wp:attachment":[{"href":"https:\/\/aceriaguadix.com\/en\/wp-json\/wp\/v2\/media?parent=331"}],"curies":[{"name":"wp","href":"https:\/\/api.w.org\/{rel}","templated":true}]}}