{"id":3373,"date":"2021-08-20T19:52:03","date_gmt":"2021-08-20T19:52:03","guid":{"rendered":"https:\/\/aceriaguadix.com\/?page_id=3373"},"modified":"2021-11-11T14:15:46","modified_gmt":"2021-11-11T14:15:46","slug":"mision-vision-valores","status":"publish","type":"page","link":"https:\/\/aceriaguadix.com\/en\/sobre-nosotros\/mision-vision-valores\/","title":{"rendered":"Misi\u00f3n, Visi\u00f3n, Valores"},"content":{"rendered":"<div data-elementor-type=\"wp-page\" data-elementor-id=\"3373\" class=\"elementor elementor-3373\">\n\t\t\t\t\t\t<section class=\"elementor-section elementor-top-section elementor-element elementor-element-cce307e elementor-section-boxed elementor-section-height-default elementor-section-height-default\" data-id=\"cce307e\" data-element_type=\"section\">\n\t\t\t\t\t\t<div class=\"elementor-container elementor-column-gap-default\">\n\t\t\t\t\t<div class=\"elementor-column elementor-col-100 elementor-top-column elementor-element elementor-element-cb7fcba\" data-id=\"cb7fcba\" data-element_type=\"column\">\n\t\t\t<div class=\"elementor-widget-wrap elementor-element-populated\">\n\t\t\t\t\t\t<div class=\"elementor-element elementor-element-fc7a9fc elementor-widget elementor-widget-heading\" data-id=\"fc7a9fc\" data-element_type=\"widget\" data-widget_type=\"heading.default\">\n\t\t\t\t<div class=\"elementor-widget-container\">\n\t\t\t\t\t<h1 class=\"elementor-heading-title elementor-size-default\">MISI\u00d3N, VISI\u00d3N, VALORES<\/h1>\t\t\t\t<\/div>\n\t\t\t\t<\/div>\n\t\t\t\t\t<\/div>\n\t\t<\/div>\n\t\t\t\t\t<\/div>\n\t\t<\/section>\n\t\t\t\t<section class=\"elementor-section elementor-top-section elementor-element elementor-element-28e314e elementor-section-boxed elementor-section-height-default elementor-section-height-default\" data-id=\"28e314e\" data-element_type=\"section\">\n\t\t\t\t\t\t<div class=\"elementor-container elementor-column-gap-default\">\n\t\t\t\t\t<div class=\"elementor-column elementor-col-16 elementor-top-column elementor-element elementor-element-b77aa5b\" data-id=\"b77aa5b\" data-element_type=\"column\">\n\t\t\t<div class=\"elementor-widget-wrap\">\n\t\t\t\t\t\t\t<\/div>\n\t\t<\/div>\n\t\t\t\t<div class=\"elementor-column elementor-col-66 elementor-top-column elementor-element elementor-element-52cf799\" data-id=\"52cf799\" data-element_type=\"column\">\n\t\t\t<div class=\"elementor-widget-wrap elementor-element-populated\">\n\t\t\t\t\t\t<div class=\"elementor-element elementor-element-1000a5c elementor-widget elementor-widget-heading\" data-id=\"1000a5c\" data-element_type=\"widget\" data-widget_type=\"heading.default\">\n\t\t\t\t<div class=\"elementor-widget-container\">\n\t\t\t\t\t<h4 class=\"elementor-heading-title elementor-size-default\">Misi\u00f3n y Visi\u00f3n<\/h4>\t\t\t\t<\/div>\n\t\t\t\t<\/div>\n\t\t\t\t<div class=\"elementor-element elementor-element-198cb98 elementor-widget elementor-widget-text-editor\" data-id=\"198cb98\" data-element_type=\"widget\" data-widget_type=\"text-editor.default\">\n\t\t\t\t<div class=\"elementor-widget-container\">\n\t\t\t\t\t\t\t\t\t<blockquote>Guadix ofrece a sus clientes soluciones competitivas en la reposici\u00f3n de elementos fundidos que se desgastan en los procesos industriales de trituraci\u00f3n, molienda y transporte; contribuyendo al desarrollo social y econ\u00f3mico de Bolivia, con un equipo profesional de primer nivel y tecnolog\u00eda de punta, que permiten elevados est\u00e1ndares de calidad en armon\u00eda con el medio ambiente.<\/br><\/br>\n\nGuadix aspira a ser una fundici\u00f3n exitosa a nivel mundial, reconocida por soluciones integrales y efectivas que superen las expectativas de nuestros clientes, en un ambiente productivo donde se respete el medio ambiente.<\/blockquote>\t\t\t\t\t\t\t\t<\/div>\n\t\t\t\t<\/div>\n\t\t\t\t<div class=\"elementor-element elementor-element-42ead2b elementor-widget elementor-widget-heading\" data-id=\"42ead2b\" data-element_type=\"widget\" data-widget_type=\"heading.default\">\n\t\t\t\t<div class=\"elementor-widget-container\">\n\t\t\t\t\t<h4 class=\"elementor-heading-title elementor-size-default\">Valores<\/h4>\t\t\t\t<\/div>\n\t\t\t\t<\/div>\n\t\t\t\t<div class=\"elementor-element elementor-element-c2f3bb8 elementor-widget elementor-widget-text-editor\" data-id=\"c2f3bb8\" data-element_type=\"widget\" data-widget_type=\"text-editor.default\">\n\t\t\t\t<div class=\"elementor-widget-container\">\n\t\t\t\t\t\t\t\t\t<blockquote>Los valores son la base fundamental de Guadix y se reflejan en cada una de las acciones que se llevan a cabo.<\/br><\/br>\n\nLos valores que transmite nuestra empresa son:<\/br><\/br>\n<ul>\n \t<li style=\"list-style-type: none;\">\n<ul>\n \t<li><b>Dignidad:<\/b> La dignidad es un valor humano incondicional, que exige respeto al derecho de los individuos y que los hombres nos reconocemos por ser libres.<\/li>\n<\/ul>\n<\/li>\n<\/ul>\n&nbsp;\n<ul>\n \t<li style=\"list-style-type: none;\">\n<ul>\n \t<li><b>Humildad:<\/b> Es una virtud humana atribuida a quien ha desarrollado conciencia de sus propias fortalezas y debilidades, no se siente superior ni inferior a los dem\u00e1s y act\u00faa en consecuencia.<\/li>\n<\/ul>\n<\/li>\n<\/ul>\n&nbsp;\n<ul>\n <li style=\"list-style-type: none;\">\n<ul>\n \t<li><b>Efectividad:<\/b> Capacidad de ejecutar, hacer lo correcto y lograr resultados sin ning\u00fan desperdicio de tiempo o dinero<\/li>\n<\/ul>\n<\/blockquote>\t\t\t\t\t\t\t\t<\/div>\n\t\t\t\t<\/div>\n\t\t\t\t\t<\/div>\n\t\t<\/div>\n\t\t\t\t<div class=\"elementor-column elementor-col-16 elementor-top-column elementor-element elementor-element-a432ea8\" data-id=\"a432ea8\" data-element_type=\"column\">\n\t\t\t<div class=\"elementor-widget-wrap\">\n\t\t\t\t\t\t\t<\/div>\n\t\t<\/div>\n\t\t\t\t\t<\/div>\n\t\t<\/section>\n\t\t\t\t<\/div>","protected":false},"excerpt":{"rendered":"<p>MISI\u00d3N, VISI\u00d3N, VALORES Misi\u00f3n y Visi\u00f3n Guadix ofrece a sus clientes soluciones competitivas en la reposici\u00f3n de elementos fundidos que se desgastan en los procesos industriales de trituraci\u00f3n, molienda y transporte; contribuyendo al desarrollo social y econ\u00f3mico de Bolivia, con un equipo profesional de primer nivel y tecnolog\u00eda de punta, que permiten elevados est\u00e1ndares de [&hellip;]<\/p>","protected":false},"author":1,"featured_media":0,"parent":329,"menu_order":2,"comment_status":"closed","ping_status":"closed","template":"","meta":{"_acf_changed":false,"_monsterinsights_skip_tracking":false,"_monsterinsights_sitenote_active":false,"_monsterinsights_sitenote_note":"","_monsterinsights_sitenote_category":0,"footnotes":""},"class_list":["post-3373","page","type-page","status-publish","hentry"],"acf":[],"_links":{"self":[{"href":"https:\/\/aceriaguadix.com\/en\/wp-json\/wp\/v2\/pages\/3373","targetHints":{"allow":["GET"]}}],"collection":[{"href":"https:\/\/aceriaguadix.com\/en\/wp-json\/wp\/v2\/pages"}],"about":[{"href":"https:\/\/aceriaguadix.com\/en\/wp-json\/wp\/v2\/types\/page"}],"author":[{"embeddable":true,"href":"https:\/\/aceriaguadix.com\/en\/wp-json\/wp\/v2\/users\/1"}],"replies":[{"embeddable":true,"href":"https:\/\/aceriaguadix.com\/en\/wp-json\/wp\/v2\/comments?post=3373"}],"version-history":[{"count":19,"href":"https:\/\/aceriaguadix.com\/en\/wp-json\/wp\/v2\/pages\/3373\/revisions"}],"predecessor-version":[{"id":4378,"href":"https:\/\/aceriaguadix.com\/en\/wp-json\/wp\/v2\/pages\/3373\/revisions\/4378"}],"up":[{"embeddable":true,"href":"https:\/\/aceriaguadix.com\/en\/wp-json\/wp\/v2\/pages\/329"}],"wp:attachment":[{"href":"https:\/\/aceriaguadix.com\/en\/wp-json\/wp\/v2\/media?parent=3373"}],"curies":[{"name":"wp","href":"https:\/\/api.w.org\/{rel}","templated":true}]}}