{"id":4356,"date":"2021-11-11T13:46:46","date_gmt":"2021-11-11T13:46:46","guid":{"rendered":"https:\/\/aceriaguadix.com\/?page_id=4356"},"modified":"2021-11-15T16:09:41","modified_gmt":"2021-11-15T16:09:41","slug":"nuestra-historia","status":"publish","type":"page","link":"https:\/\/aceriaguadix.com\/en\/sobre-nosotros\/nuestra-historia\/","title":{"rendered":"Nuestra Historia"},"content":{"rendered":"<div data-elementor-type=\"wp-page\" data-elementor-id=\"4356\" class=\"elementor elementor-4356\">\n\t\t\t\t\t\t<div class=\"elementor-section elementor-top-section elementor-element elementor-element-2bb38a5 elementor-section-stretched elementor-section-boxed elementor-section-height-default elementor-section-height-default\" data-id=\"2bb38a5\" data-element_type=\"section\" data-settings=\"{&quot;stretch_section&quot;:&quot;section-stretched&quot;,&quot;background_background&quot;:&quot;classic&quot;}\">\n\t\t\t\t\t\t\t<div class=\"elementor-background-overlay\"><\/div>\n\t\t\t\t\t\t\t<div class=\"elementor-container elementor-column-gap-default\">\n\t\t\t\t\t<div class=\"elementor-column elementor-col-100 elementor-top-column elementor-element elementor-element-6b1206a\" data-id=\"6b1206a\" data-element_type=\"column\">\n\t\t\t<div class=\"elementor-widget-wrap elementor-element-populated\">\n\t\t\t\t\t\t<div class=\"elementor-section elementor-inner-section elementor-element elementor-element-38f7a29 elementor-section-boxed elementor-section-height-default elementor-section-height-default\" data-id=\"38f7a29\" data-element_type=\"section\">\n\t\t\t\t\t\t<div class=\"elementor-container elementor-column-gap-default\">\n\t\t\t\t\t<div class=\"elementor-column elementor-col-50 elementor-inner-column elementor-element elementor-element-47c9ca6\" data-id=\"47c9ca6\" data-element_type=\"column\">\n\t\t\t<div class=\"elementor-widget-wrap elementor-element-populated\">\n\t\t\t\t\t\t<div class=\"elementor-element elementor-element-fd1d07e elementor-widget elementor-widget-image\" data-id=\"fd1d07e\" data-element_type=\"widget\" data-widget_type=\"image.default\">\n\t\t\t\t<div class=\"elementor-widget-container\">\n\t\t\t\t\t\t\t\t\t\t\t\t\t\t\t<img decoding=\"async\" src=\"https:\/\/aceriaguadix.com\/wp-content\/uploads\/elementor\/thumbs\/aceriaguadix-historia-r0sc0o3lxpycd226au2976shg2ytjf2wwm4a704k0g.jpg\" title=\"aceriaguadix-historia\" alt=\"aceriaguadix-historia\" loading=\"lazy\" \/>\t\t\t\t\t\t\t\t\t\t\t\t\t\t\t<\/div>\n\t\t\t\t<\/div>\n\t\t\t\t\t<\/div>\n\t\t<\/div>\n\t\t\t\t<div class=\"elementor-column elementor-col-50 elementor-inner-column elementor-element elementor-element-4bc4be4\" data-id=\"4bc4be4\" data-element_type=\"column\">\n\t\t\t<div class=\"elementor-widget-wrap elementor-element-populated\">\n\t\t\t\t\t\t<div class=\"elementor-element elementor-element-1801125 elementor-widget elementor-widget-section_title\" data-id=\"1801125\" data-element_type=\"widget\" data-widget_type=\"section_title.default\">\n\t\t\t\t<div class=\"elementor-widget-container\">\n\t\t\t\t\t\n\n\n<div class=\"pt-section-title-box\">   \n   \t\t<span class=\"pt-section-sub-title\">Nuestra historia<\/span>     \t<h5 class=\"pt-section-title\">HISTORIA<\/h5>     \t<p class=\"pt-section-description\"><p>El 2013 Grupo Caballero ampl\u00eda su radio de acci\u00f3n con la instalaci\u00f3n de una fundici\u00f3n especializada en diferentes grupos de aleaciones \u2013Acer\u00eda Guadix- en la Guardia para aprovechar los recortes generados en los procesos industriales de Carlos Caballero SA, chatarra limpia que una vez fundida se revaloriza en un 600 por ciento, con la fabricaci\u00f3n de piezas que tienen demanda en el mercado.<br \/><br \/>\u00bfPor qu\u00e9 se llama Guadix?<br \/>Honra a la localidad donde naci\u00f3 Torcuato Caballero, padre de Don Carlos Caballero, quien es fundador de Grupo Caballero.<\/p>   \n<\/div>\t\t\t\t<\/div>\n\t\t\t\t<\/div>\n\t\t\t\t\t<\/div>\n\t\t<\/div>\n\t\t\t\t\t<\/div>\n\t\t<\/div>\n\t\t\t\t\t<\/div>\n\t\t<\/div>\n\t\t\t\t\t<\/div>\n\t\t<\/div>\n\t\t\t\t<section class=\"elementor-section elementor-top-section elementor-element elementor-element-fb160eb elementor-section-full_width elementor-section-height-default elementor-section-height-default\" data-id=\"fb160eb\" data-element_type=\"section\" data-settings=\"{&quot;background_background&quot;:&quot;classic&quot;}\">\n\t\t\t\t\t\t<div class=\"elementor-container elementor-column-gap-default\">\n\t\t\t\t\t<div class=\"elementor-column elementor-col-100 elementor-top-column elementor-element elementor-element-3c62f35\" data-id=\"3c62f35\" data-element_type=\"column\">\n\t\t\t<div class=\"elementor-widget-wrap elementor-element-populated\">\n\t\t\t\t\t\t<div class=\"elementor-element elementor-element-6c88d4f elementor-widget elementor-widget-heading\" data-id=\"6c88d4f\" data-element_type=\"widget\" data-widget_type=\"heading.default\">\n\t\t\t\t<div class=\"elementor-widget-container\">\n\t\t\t\t\t<h2 class=\"elementor-heading-title elementor-size-default\">Somos parte del Grupo Caballero<\/h2>\t\t\t\t<\/div>\n\t\t\t\t<\/div>\n\t\t\t\t\t<\/div>\n\t\t<\/div>\n\t\t\t\t\t<\/div>\n\t\t<\/section>\n\t\t\t\t<section class=\"elementor-section elementor-top-section elementor-element elementor-element-1a05d690 elementor-section-full_width elementor-section-height-default elementor-section-height-default\" data-id=\"1a05d690\" data-element_type=\"section\" data-settings=\"{&quot;background_background&quot;:&quot;classic&quot;}\">\n\t\t\t\t\t\t<div class=\"elementor-container elementor-column-gap-default\">\n\t\t\t\t\t<div class=\"elementor-column elementor-col-33 elementor-top-column elementor-element elementor-element-5d5a6a1b\" data-id=\"5d5a6a1b\" data-element_type=\"column\">\n\t\t\t<div class=\"elementor-widget-wrap elementor-element-populated\">\n\t\t\t\t\t\t<div class=\"elementor-element elementor-element-5ddc04e0 elementor-widget elementor-widget-image\" data-id=\"5ddc04e0\" data-element_type=\"widget\" id=\"cc-grupo\" data-widget_type=\"image.default\">\n\t\t\t\t<div class=\"elementor-widget-container\">\n\t\t\t\t\t\t\t\t\t\t\t\t\t\t\t\t<a href=\"https:\/\/carloscaballerosa.com\/\" target=\"_blank\" rel=\"nofollow\">\n\t\t\t\t\t\t\t<img decoding=\"async\" width=\"299\" height=\"70\" src=\"https:\/\/aceriaguadix.com\/wp-content\/uploads\/2021\/11\/logo-caballero-grupo-corp-color-70.jpg\" class=\"elementor-animation-push attachment-large size-large wp-image-5184\" alt=\"\" srcset=\"https:\/\/aceriaguadix.com\/wp-content\/uploads\/2021\/11\/logo-caballero-grupo-corp-color-70.jpg 299w, https:\/\/aceriaguadix.com\/wp-content\/uploads\/2021\/11\/logo-caballero-grupo-corp-color-70-18x4.jpg 18w\" sizes=\"(max-width: 299px) 100vw, 299px\" \/>\t\t\t\t\t\t\t\t<\/a>\n\t\t\t\t\t\t\t\t\t\t\t\t\t\t\t<\/div>\n\t\t\t\t<\/div>\n\t\t\t\t\t<\/div>\n\t\t<\/div>\n\t\t\t\t<div class=\"elementor-column elementor-col-33 elementor-top-column elementor-element elementor-element-68d27857\" data-id=\"68d27857\" data-element_type=\"column\">\n\t\t\t<div class=\"elementor-widget-wrap elementor-element-populated\">\n\t\t\t\t\t\t<div class=\"elementor-element elementor-element-442ba05f elementor-widget elementor-widget-image\" data-id=\"442ba05f\" data-element_type=\"widget\" id=\"cc\" data-widget_type=\"image.default\">\n\t\t\t\t<div class=\"elementor-widget-container\">\n\t\t\t\t\t\t\t\t\t\t\t\t\t\t\t\t<a href=\"http:\/\/carloscaballerosa.com\" target=\"_blank\" rel=\"nofollow\">\n\t\t\t\t\t\t\t<img decoding=\"async\" width=\"364\" height=\"70\" src=\"https:\/\/aceriaguadix.com\/wp-content\/uploads\/2021\/11\/logo-carlos-caballero-color-70.jpg\" class=\"elementor-animation-pulse attachment-large size-large wp-image-5186\" alt=\"\" srcset=\"https:\/\/aceriaguadix.com\/wp-content\/uploads\/2021\/11\/logo-carlos-caballero-color-70.jpg 364w, https:\/\/aceriaguadix.com\/wp-content\/uploads\/2021\/11\/logo-carlos-caballero-color-70-300x58.jpg 300w, https:\/\/aceriaguadix.com\/wp-content\/uploads\/2021\/11\/logo-carlos-caballero-color-70-18x3.jpg 18w\" sizes=\"(max-width: 364px) 100vw, 364px\" \/>\t\t\t\t\t\t\t\t<\/a>\n\t\t\t\t\t\t\t\t\t\t\t\t\t\t\t<\/div>\n\t\t\t\t<\/div>\n\t\t\t\t\t<\/div>\n\t\t<\/div>\n\t\t\t\t<div class=\"elementor-column elementor-col-33 elementor-top-column elementor-element elementor-element-49b1c7c3\" data-id=\"49b1c7c3\" data-element_type=\"column\">\n\t\t\t<div class=\"elementor-widget-wrap elementor-element-populated\">\n\t\t\t\t\t\t<div class=\"elementor-element elementor-element-33b7849c elementor-widget elementor-widget-image\" data-id=\"33b7849c\" data-element_type=\"widget\" data-widget_type=\"image.default\">\n\t\t\t\t<div class=\"elementor-widget-container\">\n\t\t\t\t\t\t\t\t\t\t\t\t\t\t\t\t<a href=\"https:\/\/australsrl.com\/\" target=\"_blank\" rel=\"nofollow\">\n\t\t\t\t\t\t\t<img decoding=\"async\" width=\"245\" height=\"70\" src=\"https:\/\/aceriaguadix.com\/wp-content\/uploads\/2021\/11\/logo-austral-color-70.jpg\" class=\"elementor-animation-pulse attachment-large size-large wp-image-5185\" alt=\"\" srcset=\"https:\/\/aceriaguadix.com\/wp-content\/uploads\/2021\/11\/logo-austral-color-70.jpg 245w, https:\/\/aceriaguadix.com\/wp-content\/uploads\/2021\/11\/logo-austral-color-70-18x5.jpg 18w\" sizes=\"(max-width: 245px) 100vw, 245px\" \/>\t\t\t\t\t\t\t\t<\/a>\n\t\t\t\t\t\t\t\t\t\t\t\t\t\t\t<\/div>\n\t\t\t\t<\/div>\n\t\t\t\t\t<\/div>\n\t\t<\/div>\n\t\t\t\t\t<\/div>\n\t\t<\/section>\n\t\t\t\t<\/div>","protected":false},"excerpt":{"rendered":"<p>Nuestra historia HISTORIA El 2013 Grupo Caballero ampl\u00eda su radio de acci\u00f3n con la instalaci\u00f3n de una fundici\u00f3n especializada en diferentes grupos de aleaciones \u2013Acer\u00eda Guadix- en la Guardia para aprovechar los recortes generados en los procesos industriales de Carlos Caballero SA, chatarra limpia que una vez fundida se revaloriza en un 600 por ciento, [&hellip;]<\/p>","protected":false},"author":4,"featured_media":0,"parent":329,"menu_order":0,"comment_status":"closed","ping_status":"closed","template":"","meta":{"_acf_changed":false,"_monsterinsights_skip_tracking":false,"_monsterinsights_sitenote_active":false,"_monsterinsights_sitenote_note":"","_monsterinsights_sitenote_category":0,"footnotes":""},"class_list":["post-4356","page","type-page","status-publish","hentry"],"acf":[],"_links":{"self":[{"href":"https:\/\/aceriaguadix.com\/en\/wp-json\/wp\/v2\/pages\/4356","targetHints":{"allow":["GET"]}}],"collection":[{"href":"https:\/\/aceriaguadix.com\/en\/wp-json\/wp\/v2\/pages"}],"about":[{"href":"https:\/\/aceriaguadix.com\/en\/wp-json\/wp\/v2\/types\/page"}],"author":[{"embeddable":true,"href":"https:\/\/aceriaguadix.com\/en\/wp-json\/wp\/v2\/users\/4"}],"replies":[{"embeddable":true,"href":"https:\/\/aceriaguadix.com\/en\/wp-json\/wp\/v2\/comments?post=4356"}],"version-history":[{"count":73,"href":"https:\/\/aceriaguadix.com\/en\/wp-json\/wp\/v2\/pages\/4356\/revisions"}],"predecessor-version":[{"id":5195,"href":"https:\/\/aceriaguadix.com\/en\/wp-json\/wp\/v2\/pages\/4356\/revisions\/5195"}],"up":[{"embeddable":true,"href":"https:\/\/aceriaguadix.com\/en\/wp-json\/wp\/v2\/pages\/329"}],"wp:attachment":[{"href":"https:\/\/aceriaguadix.com\/en\/wp-json\/wp\/v2\/media?parent=4356"}],"curies":[{"name":"wp","href":"https:\/\/api.w.org\/{rel}","templated":true}]}}