{"id":4719,"date":"2021-11-12T18:16:02","date_gmt":"2021-11-12T18:16:02","guid":{"rendered":"https:\/\/aceriaguadix.com\/?page_id=4719"},"modified":"2021-11-12T19:09:30","modified_gmt":"2021-11-12T19:09:30","slug":"construccion","status":"publish","type":"page","link":"https:\/\/aceriaguadix.com\/en\/productos\/construccion\/","title":{"rendered":"Construcci\u00f3n"},"content":{"rendered":"<div data-elementor-type=\"wp-page\" data-elementor-id=\"4719\" class=\"elementor elementor-4719\">\n\t\t\t\t\t\t<div class=\"elementor-section elementor-inner-section elementor-element elementor-element-1712ed32 elementor-section-boxed elementor-section-height-default elementor-section-height-default\" data-id=\"1712ed32\" data-element_type=\"section\">\n\t\t\t\t\t\t<div class=\"elementor-container elementor-column-gap-default\">\n\t\t\t\t\t<div class=\"elementor-column elementor-col-50 elementor-inner-column elementor-element elementor-element-41fe02da\" data-id=\"41fe02da\" data-element_type=\"column\">\n\t\t\t<div class=\"elementor-widget-wrap elementor-element-populated\">\n\t\t\t\t\t\t<div class=\"elementor-element elementor-element-59bdaab elementor-arrows-position-inside elementor-pagination-position-outside elementor-widget elementor-widget-image-carousel\" data-id=\"59bdaab\" data-element_type=\"widget\" data-settings=\"{&quot;slides_to_show&quot;:&quot;1&quot;,&quot;navigation&quot;:&quot;both&quot;,&quot;autoplay&quot;:&quot;yes&quot;,&quot;pause_on_hover&quot;:&quot;yes&quot;,&quot;pause_on_interaction&quot;:&quot;yes&quot;,&quot;autoplay_speed&quot;:5000,&quot;infinite&quot;:&quot;yes&quot;,&quot;effect&quot;:&quot;slide&quot;,&quot;speed&quot;:500}\" data-widget_type=\"image-carousel.default\">\n\t\t\t\t<div class=\"elementor-widget-container\">\n\t\t\t\t\t\t\t<div class=\"elementor-image-carousel-wrapper swiper\" role=\"region\" aria-roledescription=\"carousel\" aria-label=\"Image Carousel\" dir=\"ltr\">\n\t\t\t<div class=\"elementor-image-carousel swiper-wrapper\" aria-live=\"off\">\n\t\t\t\t\t\t\t\t<div class=\"swiper-slide\" role=\"group\" aria-roledescription=\"slide\" aria-label=\"1 of 6\"><figure class=\"swiper-slide-inner\"><img decoding=\"async\" class=\"swiper-slide-image\" src=\"https:\/\/aceriaguadix.com\/wp-content\/uploads\/2021\/11\/aceriaguadix-Construccion-.jpg\" alt=\"aceriaguadix-Construccion-\" \/><\/figure><\/div><div class=\"swiper-slide\" role=\"group\" aria-roledescription=\"slide\" aria-label=\"2 of 6\"><figure class=\"swiper-slide-inner\"><img decoding=\"async\" class=\"swiper-slide-image\" src=\"https:\/\/aceriaguadix.com\/wp-content\/uploads\/2021\/11\/aceriaguadix-Construccion-2.jpg\" alt=\"aceriaguadix-Construccion-2\" \/><\/figure><\/div><div class=\"swiper-slide\" role=\"group\" aria-roledescription=\"slide\" aria-label=\"3 of 6\"><figure class=\"swiper-slide-inner\"><img decoding=\"async\" class=\"swiper-slide-image\" src=\"https:\/\/aceriaguadix.com\/wp-content\/uploads\/2021\/11\/aceriaguadix-Construccion-3.jpg\" alt=\"aceriaguadix-Construccion-3\" \/><\/figure><\/div><div class=\"swiper-slide\" role=\"group\" aria-roledescription=\"slide\" aria-label=\"4 of 6\"><figure class=\"swiper-slide-inner\"><img decoding=\"async\" class=\"swiper-slide-image\" src=\"https:\/\/aceriaguadix.com\/wp-content\/uploads\/2021\/11\/aceriaguadix-Construccion-4.jpg\" alt=\"aceriaguadix-Construccion-4\" \/><\/figure><\/div><div class=\"swiper-slide\" role=\"group\" aria-roledescription=\"slide\" aria-label=\"5 of 6\"><figure class=\"swiper-slide-inner\"><img decoding=\"async\" class=\"swiper-slide-image\" src=\"https:\/\/aceriaguadix.com\/wp-content\/uploads\/2021\/11\/aceriaguadix-Construccion-5.jpg\" alt=\"aceriaguadix-Construccion-5\" \/><\/figure><\/div><div class=\"swiper-slide\" role=\"group\" aria-roledescription=\"slide\" aria-label=\"6 of 6\"><figure class=\"swiper-slide-inner\"><img decoding=\"async\" class=\"swiper-slide-image\" src=\"https:\/\/aceriaguadix.com\/wp-content\/uploads\/2021\/11\/aceriaguadix-Construccion-6.jpg\" alt=\"aceriaguadix-Construccion-6\" \/><\/figure><\/div>\t\t\t<\/div>\n\t\t\t\t\t\t\t\t\t\t\t\t<div class=\"elementor-swiper-button elementor-swiper-button-prev\" role=\"button\" tabindex=\"0\">\n\t\t\t\t\t\t<i aria-hidden=\"true\" class=\"eicon-chevron-left\"><\/i>\t\t\t\t\t<\/div>\n\t\t\t\t\t<div class=\"elementor-swiper-button elementor-swiper-button-next\" role=\"button\" tabindex=\"0\">\n\t\t\t\t\t\t<i aria-hidden=\"true\" class=\"eicon-chevron-right\"><\/i>\t\t\t\t\t<\/div>\n\t\t\t\t\n\t\t\t\t\t\t\t\t\t<div class=\"swiper-pagination\"><\/div>\n\t\t\t\t\t\t\t\t\t<\/div>\n\t\t\t\t\t\t<\/div>\n\t\t\t\t<\/div>\n\t\t\t\t\t<\/div>\n\t\t<\/div>\n\t\t\t\t<div class=\"elementor-column elementor-col-50 elementor-inner-column elementor-element elementor-element-5ddf6874\" data-id=\"5ddf6874\" data-element_type=\"column\">\n\t\t\t<div class=\"elementor-widget-wrap elementor-element-populated\">\n\t\t\t\t\t\t<div class=\"elementor-element elementor-element-4160da3d elementor-widget elementor-widget-section_title\" data-id=\"4160da3d\" data-element_type=\"widget\" data-widget_type=\"section_title.default\">\n\t\t\t\t<div class=\"elementor-widget-container\">\n\t\t\t\t\t\n\n\n<div class=\"pt-section-title-box\">   \n   \t\t<span class=\"pt-section-sub-title\">productos<\/span>     \t<h5 class=\"pt-section-title\">Construcci\u00f3n<\/h5>     \t<p class=\"pt-section-description\">Piezas fabricadas con aleaciones especiales con una gran resistencia a la abrasi\u00f3n e impacto.\n<ul>\n \t<li>Mantle<\/li>\n<li>Bowliner<\/li>\n<li>Mand\u00edbulas<\/li>\n<li>Fusibles<\/li>\n<li>Porta fusibles<\/li>\n<li>Revestimientos Laterales<\/li>\n<li>Cu\u00f1as de ajuste<\/li>\n<li>Pi\u00f1\u00f3n<\/li>\n<li>Corona<\/li>\n<li>Barras de impacto<\/li>\n<li>Martillos<\/li>\n<li>Zapatas<\/li>\n<li>Mu\u00f1ones.<\/li>\n<\/ul>   \n<\/div>\t\t\t\t<\/div>\n\t\t\t\t<\/div>\n\t\t\t\t\t<\/div>\n\t\t<\/div>\n\t\t\t\t\t<\/div>\n\t\t<\/div>\n\t\t\t\t<\/div>","protected":false},"excerpt":{"rendered":"<p>Anterior Siguiente productos Construcci\u00f3n Piezas fabricadas con aleaciones especiales con una gran resistencia a la abrasi\u00f3n e impacto. Mantle Bowliner Mand\u00edbulas Fusibles Porta fusibles Revestimientos Laterales Cu\u00f1as de ajuste Pi\u00f1\u00f3n Corona Barras de impacto Martillos Zapatas Mu\u00f1ones.<\/p>","protected":false},"author":4,"featured_media":0,"parent":3255,"menu_order":0,"comment_status":"closed","ping_status":"closed","template":"","meta":{"_acf_changed":false,"_monsterinsights_skip_tracking":false,"_monsterinsights_sitenote_active":false,"_monsterinsights_sitenote_note":"","_monsterinsights_sitenote_category":0,"footnotes":""},"class_list":["post-4719","page","type-page","status-publish","hentry"],"acf":[],"_links":{"self":[{"href":"https:\/\/aceriaguadix.com\/en\/wp-json\/wp\/v2\/pages\/4719","targetHints":{"allow":["GET"]}}],"collection":[{"href":"https:\/\/aceriaguadix.com\/en\/wp-json\/wp\/v2\/pages"}],"about":[{"href":"https:\/\/aceriaguadix.com\/en\/wp-json\/wp\/v2\/types\/page"}],"author":[{"embeddable":true,"href":"https:\/\/aceriaguadix.com\/en\/wp-json\/wp\/v2\/users\/4"}],"replies":[{"embeddable":true,"href":"https:\/\/aceriaguadix.com\/en\/wp-json\/wp\/v2\/comments?post=4719"}],"version-history":[{"count":7,"href":"https:\/\/aceriaguadix.com\/en\/wp-json\/wp\/v2\/pages\/4719\/revisions"}],"predecessor-version":[{"id":4789,"href":"https:\/\/aceriaguadix.com\/en\/wp-json\/wp\/v2\/pages\/4719\/revisions\/4789"}],"up":[{"embeddable":true,"href":"https:\/\/aceriaguadix.com\/en\/wp-json\/wp\/v2\/pages\/3255"}],"wp:attachment":[{"href":"https:\/\/aceriaguadix.com\/en\/wp-json\/wp\/v2\/media?parent=4719"}],"curies":[{"name":"wp","href":"https:\/\/api.w.org\/{rel}","templated":true}]}}