{"id":5309,"date":"2021-11-17T01:36:02","date_gmt":"2021-11-17T01:36:02","guid":{"rendered":"https:\/\/aceriaguadix.com\/?page_id=5309"},"modified":"2021-11-17T01:46:43","modified_gmt":"2021-11-17T01:46:43","slug":"aleacion","status":"publish","type":"page","link":"https:\/\/aceriaguadix.com\/en\/servicios\/aleacion\/","title":{"rendered":"Aleaci\u00f3n"},"content":{"rendered":"<div data-elementor-type=\"wp-page\" data-elementor-id=\"5309\" class=\"elementor elementor-5309\">\n\t\t\t\t\t\t<section class=\"elementor-section elementor-top-section elementor-element elementor-element-3d46d5f elementor-section-boxed elementor-section-height-default elementor-section-height-default\" data-id=\"3d46d5f\" data-element_type=\"section\">\n\t\t\t\t\t\t<div class=\"elementor-container elementor-column-gap-default\">\n\t\t\t\t\t<div class=\"elementor-column elementor-col-50 elementor-top-column elementor-element elementor-element-c136741\" data-id=\"c136741\" data-element_type=\"column\">\n\t\t\t<div class=\"elementor-widget-wrap elementor-element-populated\">\n\t\t\t\t\t\t<div class=\"elementor-element elementor-element-e7fde8c elementor-arrows-position-inside elementor-pagination-position-outside elementor-widget elementor-widget-image-carousel\" data-id=\"e7fde8c\" data-element_type=\"widget\" data-settings=\"{&quot;slides_to_show&quot;:&quot;1&quot;,&quot;navigation&quot;:&quot;both&quot;,&quot;autoplay&quot;:&quot;yes&quot;,&quot;pause_on_hover&quot;:&quot;yes&quot;,&quot;pause_on_interaction&quot;:&quot;yes&quot;,&quot;autoplay_speed&quot;:5000,&quot;infinite&quot;:&quot;yes&quot;,&quot;effect&quot;:&quot;slide&quot;,&quot;speed&quot;:500}\" data-widget_type=\"image-carousel.default\">\n\t\t\t\t<div class=\"elementor-widget-container\">\n\t\t\t\t\t\t\t<div class=\"elementor-image-carousel-wrapper swiper\" role=\"region\" aria-roledescription=\"carousel\" aria-label=\"Image Carousel\" dir=\"ltr\">\n\t\t\t<div class=\"elementor-image-carousel swiper-wrapper swiper-image-stretch\" aria-live=\"off\">\n\t\t\t\t\t\t\t\t<div class=\"swiper-slide\" role=\"group\" aria-roledescription=\"slide\" aria-label=\"1 of 1\"><figure class=\"swiper-slide-inner\"><img decoding=\"async\" class=\"swiper-slide-image\" src=\"https:\/\/aceriaguadix.com\/wp-content\/uploads\/2021\/11\/ALEACION_PORTADA.png\" alt=\"ALEACI\u00d3N_PORTADA\" \/><\/figure><\/div>\t\t\t<\/div>\n\t\t\t\t\t<\/div>\n\t\t\t\t\t\t<\/div>\n\t\t\t\t<\/div>\n\t\t\t\t\t<\/div>\n\t\t<\/div>\n\t\t\t\t<div class=\"elementor-column elementor-col-50 elementor-top-column elementor-element elementor-element-70ceb51\" data-id=\"70ceb51\" data-element_type=\"column\">\n\t\t\t<div class=\"elementor-widget-wrap elementor-element-populated\">\n\t\t\t\t\t\t<div class=\"elementor-element elementor-element-86d969f elementor-widget elementor-widget-section_title\" data-id=\"86d969f\" data-element_type=\"widget\" data-widget_type=\"section_title.default\">\n\t\t\t\t<div class=\"elementor-widget-container\">\n\t\t\t\t\t\n\n\n<div class=\"pt-section-title-box\">   \n   \t\t<span class=\"pt-section-sub-title\">Servicios<\/span>     \t<h5 class=\"pt-section-title\">Aleaci\u00f3n<\/h5>     \t<p class=\"pt-section-description\"><p><strong>Grupos de aleaciones para la fabricaci\u00f3n de productos fundidos<\/strong><\/p><ul><li>ACEROS AL CARBONO,\u00a0 ACERO ALEADO: Cr \u2013 Ni \u2013 Mo,\u00a0ACERO AL MANGANESO,\u00a0ACERO INOXIDABLE,\u00a0HIERRO BLANCO,\u00a0HIERRO GRIS,\u00a0HIERRO NODULAR,\u00a0BRONCE<\/li><\/ul>   \n<\/div>\t\t\t\t<\/div>\n\t\t\t\t<\/div>\n\t\t\t\t\t<\/div>\n\t\t<\/div>\n\t\t\t\t\t<\/div>\n\t\t<\/section>\n\t\t\t\t<section class=\"elementor-section elementor-top-section elementor-element elementor-element-ca15021 elementor-section-boxed elementor-section-height-default elementor-section-height-default\" data-id=\"ca15021\" data-element_type=\"section\">\n\t\t\t\t\t\t<div class=\"elementor-container elementor-column-gap-default\">\n\t\t\t\t\t<div class=\"elementor-column elementor-col-100 elementor-top-column elementor-element elementor-element-af27867\" data-id=\"af27867\" data-element_type=\"column\">\n\t\t\t<div class=\"elementor-widget-wrap elementor-element-populated\">\n\t\t\t\t\t\t<div class=\"elementor-element elementor-element-6099300 elementor-widget elementor-widget-heading\" data-id=\"6099300\" data-element_type=\"widget\" data-widget_type=\"heading.default\">\n\t\t\t\t<div class=\"elementor-widget-container\">\n\t\t\t\t\t<h2 class=\"elementor-heading-title elementor-size-default\">Detalle grupos de Aleaci\u00f3n<\/h2>\t\t\t\t<\/div>\n\t\t\t\t<\/div>\n\t\t\t\t\t<\/div>\n\t\t<\/div>\n\t\t\t\t\t<\/div>\n\t\t<\/section>\n\t\t\t\t<section class=\"elementor-section elementor-top-section elementor-element elementor-element-b1af00f elementor-section-boxed elementor-section-height-default elementor-section-height-default\" data-id=\"b1af00f\" data-element_type=\"section\">\n\t\t\t\t\t\t<div class=\"elementor-container elementor-column-gap-default\">\n\t\t\t\t\t<div class=\"elementor-column elementor-col-100 elementor-top-column elementor-element elementor-element-3442bfc\" data-id=\"3442bfc\" data-element_type=\"column\">\n\t\t\t<div class=\"elementor-widget-wrap elementor-element-populated\">\n\t\t\t\t\t\t<div class=\"elementor-element elementor-element-5cdcefb elementor-widget elementor-widget-text-editor\" data-id=\"5cdcefb\" data-element_type=\"widget\" data-widget_type=\"text-editor.default\">\n\t\t\t\t<div class=\"elementor-widget-container\">\n\t\t\t\t\t\t\t\t\t<p>ACEROS AL CARBONO<\/p>\n<p>Seg\u00fan el contenido de carbono, se utilizan en diferentes aplicaciones, normalmente en piezas que no est\u00e1n sometidas a esfuerzos mec\u00e1nicos considerables como ser: mu\u00f1ones, eslabones para cadena, pi\u00f1ones, catalinas, etc.<\/p>\n<p>ACERO ALEADO: Cr \u2013 Ni \u2013 Mo<\/p>\n<p>Gracias a cierto porcentaje de Cromo, N\u00edquel y Molibdeno presente en la aleaci\u00f3n es posible mejorar las propiedades mec\u00e1nicas de las piezas, m\u00e1s espec\u00edficamente su dureza, logrando asi obtener productos fundidos que pueden emplearse por ejemplo como revestimientos de molinos para miner\u00eda, revestimientos para trituradoras de piedra, martillos para trituradoras, barras de impacto y otros tantos requerimientos de la industria.<\/p>\n<p>ACERO AL MANGANESO<\/p>\n<p>Aceros con excelente tenacidad, es decir que cuentan con una muy buena resistencia al impacto, seg\u00fan el porcentaje de cromo y manganeso presente en la aleaci\u00f3n se fabrican piezas que pueden alcanzar grados de dureza m\u00e1s elevados adecuados para diferentes maquinarias.<\/p>\n<p>ACERO INOXIDABLE<\/p>\n<p>Con el cromo en un importante porcentaje proporcion\u00e1ndole resistencia a la corrosi\u00f3n y el n\u00edquel para mejorar las propiedades mec\u00e1nicas, los aceros inoxidables tienen un sinf\u00edn de aplicaciones en los diferentes rubros industriales, su principal ventaja es su resistencia la corrosi\u00f3n, adem\u00e1s de la resistencia que pueden alcanzar ciertos grados bajo condiciones extremas (por ejemplo, de temperatura).<\/p>\n<p>HIERRO BLANCO<\/p>\n<p>Con la dureza como principal caracter\u00edstica despu\u00e9s del tratamiento t\u00e9rmico, es una aleaci\u00f3n ideal para la fabricaci\u00f3n de revestimientos y barras de impacto, muy empleado en la industria cementera y maquinas empleadas en la trituraci\u00f3n.<\/p>\n<p>HIERRO GRIS<\/p>\n<p>Con muy buena maquinabilidad y de menor densidad comparado con el acero, es por excelencia el material para la fabricaci\u00f3n de tomas de agua y tapas de alcantarillado adem\u00e1s de cualquier otra solicitud de pieza con espesor critico (delgado).<\/p>\n<p>HIERRO NODULAR<\/p>\n<p>Gracias a la formaci\u00f3n de n\u00f3dulos de grafito en la microestructura (debido a la adici\u00f3n de magnesio), es un material con mayor resistencia al impacto comparado con el hierro gris, por su porcentaje de carbono y silicio en estado l\u00edquido la aleaci\u00f3n presenta bastante fluidez lo que permite producir piezas de bajo espesor como los tambores de freno.<\/p><p>BRONCE<\/p><p style=\"text-align:justify\">Diferentes grados de aleaci\u00f3n nos brindan bronces por lo general con\npropiedades antidesgaste, con estas aleaciones es posible fabricar\nprincipalmente bujes, quisioneras y una diversidad de productos requeridos por\nlos clientes en todas partes del pa\u00eds.<\/p>\t\t\t\t\t\t\t\t<\/div>\n\t\t\t\t<\/div>\n\t\t\t\t\t<\/div>\n\t\t<\/div>\n\t\t\t\t\t<\/div>\n\t\t<\/section>\n\t\t\t\t<\/div>","protected":false},"excerpt":{"rendered":"<p>Servicios Aleaci\u00f3n Grupos de aleaciones para la fabricaci\u00f3n de productos fundidos ACEROS AL CARBONO,\u00a0 ACERO ALEADO: Cr \u2013 Ni \u2013 Mo,\u00a0ACERO AL MANGANESO,\u00a0ACERO INOXIDABLE,\u00a0HIERRO BLANCO,\u00a0HIERRO GRIS,\u00a0HIERRO NODULAR,\u00a0BRONCE Detalle grupos de Aleaci\u00f3n ACEROS AL CARBONO Seg\u00fan el contenido de carbono, se utilizan en diferentes aplicaciones, normalmente en piezas que no est\u00e1n sometidas a esfuerzos mec\u00e1nicos considerables [&hellip;]<\/p>","protected":false},"author":1,"featured_media":0,"parent":331,"menu_order":0,"comment_status":"closed","ping_status":"closed","template":"","meta":{"_acf_changed":false,"_monsterinsights_skip_tracking":false,"_monsterinsights_sitenote_active":false,"_monsterinsights_sitenote_note":"","_monsterinsights_sitenote_category":0,"footnotes":""},"class_list":["post-5309","page","type-page","status-publish","hentry"],"acf":[],"_links":{"self":[{"href":"https:\/\/aceriaguadix.com\/en\/wp-json\/wp\/v2\/pages\/5309","targetHints":{"allow":["GET"]}}],"collection":[{"href":"https:\/\/aceriaguadix.com\/en\/wp-json\/wp\/v2\/pages"}],"about":[{"href":"https:\/\/aceriaguadix.com\/en\/wp-json\/wp\/v2\/types\/page"}],"author":[{"embeddable":true,"href":"https:\/\/aceriaguadix.com\/en\/wp-json\/wp\/v2\/users\/1"}],"replies":[{"embeddable":true,"href":"https:\/\/aceriaguadix.com\/en\/wp-json\/wp\/v2\/comments?post=5309"}],"version-history":[{"count":5,"href":"https:\/\/aceriaguadix.com\/en\/wp-json\/wp\/v2\/pages\/5309\/revisions"}],"predecessor-version":[{"id":5316,"href":"https:\/\/aceriaguadix.com\/en\/wp-json\/wp\/v2\/pages\/5309\/revisions\/5316"}],"up":[{"embeddable":true,"href":"https:\/\/aceriaguadix.com\/en\/wp-json\/wp\/v2\/pages\/331"}],"wp:attachment":[{"href":"https:\/\/aceriaguadix.com\/en\/wp-json\/wp\/v2\/media?parent=5309"}],"curies":[{"name":"wp","href":"https:\/\/api.w.org\/{rel}","templated":true}]}}